{"id":867,"date":"2014-12-14T23:42:01","date_gmt":"2014-12-14T21:42:01","guid":{"rendered":"http:\/\/www.badec-tjlokomotiva.cz\/?page_id=867"},"modified":"2014-12-14T23:42:01","modified_gmt":"2014-12-14T21:42:01","slug":"rozpis-zapasu-20142015","status":"publish","type":"page","link":"https:\/\/badmintonkunovice.cz\/?page_id=867","title":{"rendered":"Rozpis z\u00e1pas\u016f 2014\/2015"},"content":{"rendered":"<h1 align=\"center\"><span style=\"color: #800000;\"><strong>Jihomoravsk\u00fd kraj\u00a0<\/strong><strong>2014\/2015<\/strong><\/span><\/h1>\n<p>&nbsp;<\/p>\n<p><span style=\"color: #800000;\"><strong>Skupina &#8222;A&#8220;:<\/strong><\/span><\/p>\n<p>1. TJ Chropyn\u011b &#8222;A&#8220;<\/p>\n<p>2. SK Podol\u00ed &#8222;A&#8220;<\/p>\n<p>3. ABC Brno<\/p>\n<p>4. BC Lokomotiva &#8222;A&#8220;<\/p>\n<p>&nbsp;<\/p>\n<p><span style=\"color: #800000;\"><strong>Term\u00edn utk\u00e1n\u00ed:<\/strong><\/span><\/p>\n<p>1.kolo 12.10.2014 \u00a0 <span style=\"color: #ff6600;\">\u00a0 <\/span>Tj Chropyn\u011b &#8222;A&#8220; vs. <span style=\"color: #ff6600;\"> <strong>BC Lokomotiva<\/strong><\/span><\/p>\n<p>2.kolo 2.11.2014 \u00a0 \u00a0 \u00a0 <strong><span style=\"color: #ff6600;\">BC Lokomotiva <\/span><\/strong>vs SK Podol\u00ed &#8222;A&#8220;<span style=\"color: #000000;\"><br \/>\n<\/span><\/p>\n<p>3.kolo 23.11.2014 \u00a0 \u00a0 ABC Brno<strong>\u00a0 <\/strong>vs. <span style=\"color: #ff6600;\"><strong>BC Lokomotiva<\/strong><\/span><\/p>\n<p>4.kolo 14.12.2014 \u00a0 \u00a0 <strong><span style=\"color: #ff6600;\">BC Lokomotiva <\/span><\/strong>vs. Tj Chropyn\u011b &#8222;A&#8220;<strong><span style=\"color: #ff6600;\"><br \/>\n<\/span><\/strong><\/p>\n<p>5.kolo 18.1.2015 \u00a0 \u00a0 \u00a0 SK Podol\u00ed &#8222;A&#8220; vs <span style=\"color: #ff6600;\"><strong>BC Lokomotiva<\/strong><\/span><\/p>\n<p>6.kolo 8.2.2015 \u00a0 \u00a0 \u00a0 <strong><span style=\"color: #ff6600;\">BC Lokomotiva<\/span><\/strong> vs. ABC Brno<\/p>\n<div>\n<p><span style=\"color: #800000;\"><strong>\u00a0Play off:<\/strong><\/span><\/p>\n<p><span style=\"color: #800000;\"><strong>\u010ctvrtfin\u00e1le<\/strong><\/span><\/p>\n<table border=\"0\" width=\"477\" cellspacing=\"0\" cellpadding=\"0\">\n<tbody>\n<tr>\n<td valign=\"top\" width=\"33%\">Kolo<\/td>\n<td valign=\"top\" width=\"33%\">Datum<\/td>\n<td valign=\"top\" width=\"17%\"><\/td>\n<td valign=\"top\" width=\"17%\"><\/td>\n<\/tr>\n<tr>\n<td valign=\"top\" width=\"33%\">1.kolo<br \/>\n2.kolo<\/td>\n<td valign=\"top\" width=\"33%\">sobota 28.2.2015<br \/>\nned\u011ble 1.3.2015<\/td>\n<td valign=\"top\" width=\"17%\">\n<p align=\"center\">2A \u2013 3B<br \/>\n3B \u2013 2A<\/p>\n<\/td>\n<td valign=\"top\" width=\"17%\">\n<p align=\"center\">2B \u2013 3A<br \/>\n3A \u2013 2B<\/p>\n<\/td>\n<\/tr>\n<\/tbody>\n<\/table>\n<\/div>\n<p>Pozn.: 2A = 2. ze skupiny &#8222;A atd.<\/p>\n<div>\n<p><span style=\"color: #800000;\"><strong>\u00a0Semifin\u00e1le:<\/strong><\/span><\/p>\n<table border=\"0\" width=\"583\" cellspacing=\"0\" cellpadding=\"0\">\n<tbody>\n<tr>\n<td valign=\"top\" width=\"27%\">Kolo<\/td>\n<td valign=\"top\" width=\"27%\">Datum<\/td>\n<td valign=\"top\" width=\"23%\"><\/td>\n<td valign=\"top\" width=\"22%\"><\/td>\n<\/tr>\n<tr>\n<td valign=\"top\" width=\"27%\">1.kolo<br \/>\n2.kolo<\/td>\n<td valign=\"top\" width=\"27%\">sobota 14.3.2015<br \/>\nned\u011ble 15.3.2015<\/td>\n<td valign=\"top\" width=\"23%\">\n<p align=\"center\">1A \u2013 v\u00edt\u011bz 2B-3A<br \/>\nv\u00edt\u011bz 2B-3A \u2013 1A<\/p>\n<\/td>\n<td valign=\"top\" width=\"22%\">\n<p align=\"center\">1B \u2013 v\u00edt\u011bz 2A-3B<br \/>\nv\u00edt\u011bz 2A-3B \u2013 1B<\/p>\n<\/td>\n<\/tr>\n<\/tbody>\n<\/table>\n<\/div>\n<p><span style=\"color: #800000;\"><strong>Fin\u00e1le:<\/strong><\/span><\/p>\n<p>Utk\u00e1n\u00ed \u00a0o 3. m\u00edsto: 28. nebo 29.3. 2015\u00a0 9.00<\/p>\n<div>\n<p>Utk\u00e1n\u00ed o 1. m\u00edsto: 28. nebo 29.3. 2015 11.30<\/p>\n<\/div>\n<p>Term\u00edn utk\u00e1n\u00ed o 5. a 7. m\u00edsto:<\/p>\n<ol>\n<li>kolo sobota 21. 3. 2015 a 2. kolo ned\u011ble 22.3.2015 doma\u00a0 a venku.<\/li>\n<\/ol>\n<p>Term\u00edn bar\u00e1\u017ee :\u00a0\u00a0 &#8230;&#8230;.<\/p>\n","protected":false},"excerpt":{"rendered":"<p>Jihomoravsk\u00fd kraj\u00a02014\/2015 &nbsp; Skupina &#8222;A&#8220;: 1. TJ Chropyn\u011b &#8222;A&#8220; 2. SK Podol\u00ed &#8222;A&#8220; 3. ABC Brno 4. BC Lokomotiva &#8222;A&#8220; &nbsp; Term\u00edn utk\u00e1n\u00ed: 1.kolo 12.10.2014 \u00a0 \u00a0 Tj Chropyn\u011b &#8222;A&#8220; vs. BC Lokomotiva 2.kolo 2.11.2014 \u00a0 \u00a0 \u00a0 BC Lokomotiva &hellip; <a href=\"https:\/\/badmintonkunovice.cz\/?page_id=867\">Cel\u00fd p\u0159\u00edsp\u011bvek <span class=\"meta-nav\">&rarr;<\/span><\/a><\/p>\n","protected":false},"author":1,"featured_media":0,"parent":23,"menu_order":1,"comment_status":"open","ping_status":"open","template":"","meta":[],"_links":{"self":[{"href":"https:\/\/badmintonkunovice.cz\/index.php?rest_route=\/wp\/v2\/pages\/867"}],"collection":[{"href":"https:\/\/badmintonkunovice.cz\/index.php?rest_route=\/wp\/v2\/pages"}],"about":[{"href":"https:\/\/badmintonkunovice.cz\/index.php?rest_route=\/wp\/v2\/types\/page"}],"author":[{"embeddable":true,"href":"https:\/\/badmintonkunovice.cz\/index.php?rest_route=\/wp\/v2\/users\/1"}],"replies":[{"embeddable":true,"href":"https:\/\/badmintonkunovice.cz\/index.php?rest_route=%2Fwp%2Fv2%2Fcomments&post=867"}],"version-history":[{"count":0,"href":"https:\/\/badmintonkunovice.cz\/index.php?rest_route=\/wp\/v2\/pages\/867\/revisions"}],"up":[{"embeddable":true,"href":"https:\/\/badmintonkunovice.cz\/index.php?rest_route=\/wp\/v2\/pages\/23"}],"wp:attachment":[{"href":"https:\/\/badmintonkunovice.cz\/index.php?rest_route=%2Fwp%2Fv2%2Fmedia&parent=867"}],"curies":[{"name":"wp","href":"https:\/\/api.w.org\/{rel}","templated":true}]}}