{"id":85,"date":"2011-10-23T19:44:49","date_gmt":"2011-10-23T17:44:49","guid":{"rendered":"http:\/\/www.badec-tjlokomotiva.cz\/?page_id=85"},"modified":"2011-10-23T19:44:49","modified_gmt":"2011-10-23T17:44:49","slug":"turnaje","status":"publish","type":"page","link":"https:\/\/badmintonkunovice.cz\/?page_id=85","title":{"rendered":"Turnaje"},"content":{"rendered":"<header class=\"entry-header\"><\/header>\n<header class=\"entry-header\"><\/header>\n<header class=\"entry-header\"><\/header>\n<header class=\"entry-header\">\n<p class=\"entry-title\"><span style=\"color: #ff6600;\"><a style=\"color: #ff6600;\" href=\"http:\/\/www.badminton-tour.eu\/turnaj\/101\/ebt-ostrava-2015\/\">7.11. 2015 EBT Ostrava<\/a><\/span><\/p>\n<p class=\"entry-title\"><span style=\"color: #ff6600;\"><a style=\"color: #ff6600;\" href=\"http:\/\/www.badec-tjlokomotiva.cz\/?p=861\" rel=\"bookmark\">28.12. 2014<\/a><\/span><\/p>\n<p class=\"entry-title\"><span style=\"color: #ff6600;\"><a style=\"color: #ff6600;\" href=\"http:\/\/www.badec-tjlokomotiva.cz\/?p=861\" rel=\"bookmark\">III. Badmintonov\u00e1 zab\u00edja\u010dka<\/a><\/span><\/p>\n<div class=\"comments-link\">Zveme<span class=\"fsl\"> v\u00e1s na ji\u017e tradi\u010dn\u00ed III. ro\u010dn\u00edk deblov\u00e9ho Silvestrovsk\u00e9ho turnaje do Kunovic, kter\u00fd se bude konat 28.12.2012 od 8:30 hod. (prezentace od 8:30 hod.). Hr\u00e1t se budou pouze p\u00e1rov\u00e9 discipl\u00edny, v\u0161echny dohromady. Bude se hr\u00e1t \u0161v\u00fdcarsk\u00fdm syst\u00e9mem min. 7 kol, dva sety do 15 bod\u016f. Ob\u010derstven\u00ed v hale bude zaji\u0161t\u011bno formou zab\u00edja\u010dkov\u00fdch pochoutek. V cen\u011b startovn\u00e9ho bude krom\u011b zab\u00edja\u010dkov\u00e9 m\u00edsy i l\u00e1hev v\u00edna pro ka\u017ed\u00e9ho. Pro vegetari\u00e1ny budou k dispozici zeleninov\u00e9 sal\u00e1ty. D\u00e1le pro v\u0161echny omot\u00e1vka, RED BULL a dal\u0161\u00ed p\u0159ekv\u00e1pka. Kapacita turnaje bude omezena na max. 24 dvojic.<\/span><\/div>\n<\/header>\n<p><a href=\"http:\/\/www.badec-tjlokomotiva.cz\/wp-content\/uploads\/2014\/12\/III-zabijacka.jpg\"><img loading=\"lazy\" class=\"aligncenter size-full wp-image-862\" src=\"http:\/\/www.badec-tjlokomotiva.cz\/wp-content\/uploads\/2014\/12\/III-zabijacka.jpg\" alt=\"III zabijacka\" width=\"1276\" height=\"1806\" srcset=\"https:\/\/badmintonkunovice.cz\/wp-content\/uploads\/2014\/12\/III-zabijacka.jpg 1276w, https:\/\/badmintonkunovice.cz\/wp-content\/uploads\/2014\/12\/III-zabijacka-212x300.jpg 212w, https:\/\/badmintonkunovice.cz\/wp-content\/uploads\/2014\/12\/III-zabijacka-723x1024.jpg 723w, https:\/\/badmintonkunovice.cz\/wp-content\/uploads\/2014\/12\/III-zabijacka-768x1087.jpg 768w, https:\/\/badmintonkunovice.cz\/wp-content\/uploads\/2014\/12\/III-zabijacka-1085x1536.jpg 1085w\" sizes=\"(max-width: 1276px) 100vw, 1276px\" \/><\/a><\/p>\n<header class=\"entry-header\">\n<p class=\"entry-title\"><span style=\"color: #ff6600;\"><a style=\"color: #ff6600;\" href=\"http:\/\/www.badec-tjlokomotiva.cz\/?p=856\" rel=\"bookmark\">20.12. 2014<\/a><\/span><\/p>\n<p class=\"entry-title\"><span style=\"color: #ff6600;\"><a style=\"color: #ff6600;\" href=\"http:\/\/www.badec-tjlokomotiva.cz\/?p=856\" rel=\"bookmark\"> III. SINGL OPEN<\/a><\/span><\/p>\n<div class=\"comments-link\">\u00a0S\u00e9rie badmintonov\u00fdch turnaj\u016f.<\/div>\n<\/header>\n<div class=\"entry-content\">\n<p><span data-reactid=\".su.0.0\"> 10 hr\u00e1\u010d\u016f<br \/>\n4 kurty<br \/>\n2-3 hern\u00ed hodiny <\/span><\/p>\n<\/div>\n<p>&nbsp;<\/p>\n<p><a href=\"http:\/\/www.badec-tjlokomotiva.cz\/wp-content\/uploads\/2014\/12\/3.-Singl-Open.jpg\"><img loading=\"lazy\" class=\"aligncenter size-full wp-image-857\" src=\"http:\/\/www.badec-tjlokomotiva.cz\/wp-content\/uploads\/2014\/12\/3.-Singl-Open.jpg\" alt=\"3. Singl Open\" width=\"1269\" height=\"1803\" srcset=\"https:\/\/badmintonkunovice.cz\/wp-content\/uploads\/2014\/12\/3.-Singl-Open.jpg 1269w, https:\/\/badmintonkunovice.cz\/wp-content\/uploads\/2014\/12\/3.-Singl-Open-211x300.jpg 211w, https:\/\/badmintonkunovice.cz\/wp-content\/uploads\/2014\/12\/3.-Singl-Open-721x1024.jpg 721w, https:\/\/badmintonkunovice.cz\/wp-content\/uploads\/2014\/12\/3.-Singl-Open-768x1091.jpg 768w, https:\/\/badmintonkunovice.cz\/wp-content\/uploads\/2014\/12\/3.-Singl-Open-1081x1536.jpg 1081w\" sizes=\"(max-width: 1269px) 100vw, 1269px\" \/><\/a><\/p>\n<p>&nbsp;<\/p>\n<p>&nbsp;<\/p>\n<p><b><span style=\"text-decoration: underline;\"><span style=\"color: #ff6600; text-decoration: underline;\">III. ro\u010dn\u00edk badmintonov\u00e9ho turnaje &#8220; O poh\u00e1r m\u011bsta Kunovice&#8220;<\/span><br \/>\n<\/span><\/b><\/p>\n<p><span class=\"userContent\" style=\"color: #ffffff;\" data-ft=\"{&quot;tn&quot;:&quot;K&quot;}\">500 k\u010d &#8230;<br \/>\n8 kurt\u016f<br \/>\n3 discipl\u00edny<br \/>\n2 sety<br \/>\nmin. 6 kol \u0161v\u00fdcar<br \/>\np\u00e9\u0159ov\u00e9 m\u00ed\u010dky YONEX<\/span><\/p>\n<p>pro ka\u017ed\u00e9ho hr\u00e1\u010de: ob\u010derstven\u00ed po dobu turnaje, 0,75 l v\u00ednka z vina\u0159stv\u00ed Nikod\u00e9m M\u00ed\u0161a, plechovka RED BULL , klob\u00e1s nebo hermel\u00edn z ve\u010dern\u00ed grilova\u010dky, degustace v\u00edn Vina\u0159stv\u00ed Hru\u0161ka<\/p>\n<p>&#8230;..pro prvn\u00edch 50 hr\u00e1\u010d\u016f bageta od Ham\u00e9 Simply Fresh<\/p>\n<p>&#8230;&#8230;pro prvn\u00edch 50 hr\u00e1\u010d\u016f omot\u00e1vka YONEX<\/p>\n<p>&#8230;&#8230;. degustace v\u00edn Vina\u0159stv\u00ed Hru\u0161ka<\/p>\n<p>CENY: poh\u00e1ry , pono\u017eky Kumpoo, a dal\u0161\u00ed ceny od Sportprotebe.cz, YONEX , AMON , CTZ , HIMAREX , a dal\u0161\u00ed &#8230;.<\/p>\n<p>St\u00e1nek YONEX s mo\u017enost\u00ed testov\u00e1n\u00ed raket<\/p>\n<p>to je &#8230;.<br \/>\n30.8.2014. od 8:00 resp. 8:45<\/p>\n<p>ji\u017e III. ro\u010dn\u00edk badmintonov\u00e9ho turnaje &#8220; O poh\u00e1r m\u011bsta Kunovice&#8220;<\/p>\n<p>Zdrav\u00edm p\u0159\u00e1tel\u00e9,<br \/>\nr\u00e1d bych v\u00e1s pozval ji\u017e na t\u0159et\u00ed ro\u010dn\u00edk tohoto obl\u00edben\u00e9ho turnaje<\/p>\n<p><span style=\"color: #ff6600;\">\/ odkazy na minul\u00fd ro\u010dn\u00edk zde:<\/span><br \/>\n<span style=\"color: #ff6600;\"> <a href=\"http:\/\/slovacky.denik.cz\/ostatni_region\/badmintoniste-kunovic-vybojovali-doma-zlato-a-bronz-20120915.html\" target=\"_blank\" rel=\"nofollow noopener noreferrer\"><span style=\"color: #ff6600;\">http:\/\/slovacky.denik.cz\/<wbr \/>ostatni_region\/<wbr \/>badmintoniste-kunovic-vybojoval<wbr \/>i-doma-zlato-a-bronz-20120915.<wbr \/>html<\/span><\/a><\/span><br \/>\n<span style=\"color: #ff6600;\"> <a href=\"http:\/\/doloh.rajce.idnes.cz\/Badminton_Turnaj_o_Pohar_mesta_Kunovice\/\" target=\"_blank\" rel=\"nofollow noopener noreferrer\"><span style=\"color: #ff6600;\">http:\/\/doloh.rajce.idnes.cz\/<wbr \/>Badminton_Turnaj_o_Pohar_mesta_<wbr \/>Kunovice\/<\/span><\/a><\/span><br \/>\n<span style=\"color: #ff6600;\"> <a href=\"http:\/\/doloh.rajce.idnes.cz\/Turnaj_O_pohar_mesta_Kunovice_II\/\" target=\"_blank\" rel=\"nofollow noopener noreferrer\"><span style=\"color: #ff6600;\">http:\/\/doloh.rajce.idnes.cz\/<wbr \/>Turnaj_O_pohar_mesta_Kunovice_I<wbr \/>I\/<\/span><\/a><\/span><\/p>\n<p>Za po\u0159adatele<\/p>\n<p>Zdenek Dolo\u017e\u00edlek<\/p>\n<p><a href=\"http:\/\/www.badec-tjlokomotiva.cz\/wp-content\/uploads\/2011\/10\/O-poh\u00e1r-m\u011bsta-final.png\"><img loading=\"lazy\" class=\"aligncenter size-full wp-image-724\" src=\"http:\/\/www.badec-tjlokomotiva.cz\/wp-content\/uploads\/2011\/10\/O-poh\u00e1r-m\u011bsta-final.png\" alt=\"O poh\u00e1r m\u011bsta final\" width=\"1517\" height=\"2149\" \/><\/a><\/p>\n<p>&nbsp;<\/p>\n<p><a href=\"http:\/\/www.badec-tjlokomotiva.cz\/?page_id=385\">II. Badmintonov\u00fd turnaj o Poh\u00e1r M\u011bsta Kunovice 7.9. 2013 &#8211; hala Kunovice\u00a0<\/a><\/p>\n<p><b>450 k\u010d<\/b>\u00a0&#8230; 8 kurt\u016f, 3 discipl\u00edny, 2 sety , min. 5 kol \u0161v\u00fdcar , p\u00e9\u0159ov\u00e9 m\u00ed\u010dky JOEREX TOURNAMENT, ob\u010derstven\u00ed, grilova\u010dka, lahvinka v\u00edna, p\u011bkn\u00e9 ceny pro v\u00edt\u011bze<\/p>\n<div><\/div>\n<div>\u00a0&#8230;.to je &#8230;<\/p>\n<div><\/div>\n<div><b><span style=\"text-decoration: underline;\">II. ro\u010dn\u00edk badmintonov\u00e9ho turnaje &#8220; O poh\u00e1r m\u011bsta Kunovice&#8220;\u00a0<\/span><\/b><\/div>\n<div><\/div>\n<div>Zdrav\u00edm p\u0159\u00e1tel\u00e9,<\/div>\n<div>r\u00e1d bych v\u00e1s pozval na druh\u00fd ro\u010dn\u00edk badmintonov\u00e9ho turnaje &#8220; O poh\u00e1r m\u011bsta Kunovice&#8220; .<\/div>\n<div><\/div>\n<div>\/ odkazy na minul\u00fd ro\u010dn\u00edk zde:<\/div>\n<div><a href=\"http:\/\/slovacky.denik.cz\/ostatni_region\/badmintoniste-kunovic-vybojovali-doma-zlato-a-bronz-20120915.html\" target=\"_blank\" rel=\"noopener noreferrer\">http:\/\/slovacky.denik.cz\/ostatni_region\/badmintoniste-kunovic-vybojovali-doma-zlato-a-bronz-20120915.html<\/a><\/div>\n<div><a href=\"http:\/\/doloh.rajce.idnes.cz\/Badminton_Turnaj_o_Pohar_mesta_Kunovice\/\" target=\"_blank\" rel=\"noopener noreferrer\">http:\/\/doloh.rajce.idnes.cz\/Badminton_Turnaj_o_Pohar_mesta_Kunovice\/<\/a><\/div>\n<div><\/div>\n<div><\/div>\n<div>Oproti minul\u00e9mu ro\u010dn\u00edku jsme provedli p\u00e1r zm\u011bn&#8230;. asi hlavn\u00ed zm\u011bnou jsou p\u00e9\u0159ov\u00e9 m\u00ed\u010dky v cen\u011b ( 2 ks na set do 21 bod\u016f, m\u011bli by vpohod\u011b vydr\u017eet) , na ty dal\u0161\u00ed si je\u0161t\u011b po\u010dkejte , zat\u00edm to m\u00e1me rozjednan\u00e9&#8230;.<\/div>\n<\/div>\n<div><\/div>\n<div>Hr\u00e1t se bude od 9:00 do cca 18:00 , pop\u0159 bude hala k dispozici \u00a0k voln\u00e9mu \u00a0hran\u00ed min do 19:00 hod<\/div>\n<p><a href=\"http:\/\/www.badec-tjlokomotiva.cz\/?attachment_id=550\" rel=\"attachment wp-att-550\"><img loading=\"lazy\" class=\"aligncenter size-full wp-image-550\" src=\"http:\/\/www.badec-tjlokomotiva.cz\/wp-content\/uploads\/2011\/10\/Bez-n\u00e1zvu1.jpg\" alt=\"Bez n\u00e1zvu\" width=\"1274\" height=\"1766\" \/><\/a><\/p>\n<p>&nbsp;<\/p>\n<p><a href=\"http:\/\/www.badec-tjlokomotiva.cz\/?page_id=456\">\u00a0Kunovick\u00fd Mraz\u00edk FZ FORZA TOUR DRU\u017dSTEV &#8211; \u00a0hala Kunovice\u00a0<\/a><\/p>\n<p style=\"text-align: center;\"><a href=\"http:\/\/www.badec-tjlokomotiva.cz\/?page_id=456\"><img loading=\"lazy\" class=\"aligncenter\" title=\"FZ_Forza_tour_plakat_A3_03a\" src=\"http:\/\/www.badec-tjlokomotiva.cz\/wp-content\/uploads\/2011\/10\/FZ_Forza_tour_plakat_A3_03a.png\" alt=\"\" width=\"870\" height=\"1219\" \/><\/a><\/p>\n<p><a href=\"http:\/\/www.badec-tjlokomotiva.cz\/?page_id=380\">No\u010dn\u00ed Turnaj o demi\u017eonek prav\u00e9 Moravsk\u00e9 Slivovi\u010dky 6.7. 2012 &#8211; hala Kunovice<\/a><\/p>\n<h1><a href=\"http:\/\/www.badec-tjlokomotiva.cz\/?page_id=380\"><img loading=\"lazy\" class=\"aligncenter size-full wp-image-377\" title=\"No\u010dn\u00ed turnaj\" src=\"http:\/\/www.badec-tjlokomotiva.cz\/wp-content\/uploads\/2011\/10\/No\u010dn\u00ed-turnaj.jpg\" alt=\"\" width=\"1282\" height=\"1812\" \/><\/a><\/h1>\n<p>&nbsp;<\/p>\n<p><span style=\"color: #ff6600;\"><a href=\"http:\/\/www.badec-tjlokomotiva.cz\/?page_id=385\">I. Badmintonov\u00fd turnaj o Poh\u00e1r M\u011bsta Kunovice 8.9. 2012 &#8211; hala Kunovice <\/a>\u00a0<\/span><\/p>\n<p><a href=\"http:\/\/www.badec-tjlokomotiva.cz\/?page_id=385\"><img loading=\"lazy\" class=\"aligncenter size-full wp-image-378\" title=\"Badec_Kunovice_plakat_A2 (1)\" src=\"http:\/\/www.badec-tjlokomotiva.cz\/wp-content\/uploads\/2011\/10\/Badec_Kunovice_plakat_A2-1.jpg\" alt=\"\" width=\"737\" height=\"1035\" srcset=\"https:\/\/badmintonkunovice.cz\/wp-content\/uploads\/2011\/10\/Badec_Kunovice_plakat_A2-1.jpg 737w, https:\/\/badmintonkunovice.cz\/wp-content\/uploads\/2011\/10\/Badec_Kunovice_plakat_A2-1-214x300.jpg 214w, https:\/\/badmintonkunovice.cz\/wp-content\/uploads\/2011\/10\/Badec_Kunovice_plakat_A2-1-729x1024.jpg 729w\" sizes=\"(max-width: 737px) 100vw, 737px\" \/><\/a><\/p>\n<p>&nbsp;<\/p>\n","protected":false},"excerpt":{"rendered":"<p>7.11. 2015 EBT Ostrava 28.12. 2014 III. Badmintonov\u00e1 zab\u00edja\u010dka Zveme v\u00e1s na ji\u017e tradi\u010dn\u00ed III. ro\u010dn\u00edk deblov\u00e9ho Silvestrovsk\u00e9ho turnaje do Kunovic, kter\u00fd se bude konat 28.12.2012 od 8:30 hod. (prezentace od 8:30 hod.). Hr\u00e1t se budou pouze p\u00e1rov\u00e9 discipl\u00edny, v\u0161echny &hellip; <a href=\"https:\/\/badmintonkunovice.cz\/?page_id=85\">Cel\u00fd p\u0159\u00edsp\u011bvek <span class=\"meta-nav\">&rarr;<\/span><\/a><\/p>\n","protected":false},"author":1,"featured_media":0,"parent":0,"menu_order":6,"comment_status":"open","ping_status":"open","template":"","meta":[],"_links":{"self":[{"href":"https:\/\/badmintonkunovice.cz\/index.php?rest_route=\/wp\/v2\/pages\/85"}],"collection":[{"href":"https:\/\/badmintonkunovice.cz\/index.php?rest_route=\/wp\/v2\/pages"}],"about":[{"href":"https:\/\/badmintonkunovice.cz\/index.php?rest_route=\/wp\/v2\/types\/page"}],"author":[{"embeddable":true,"href":"https:\/\/badmintonkunovice.cz\/index.php?rest_route=\/wp\/v2\/users\/1"}],"replies":[{"embeddable":true,"href":"https:\/\/badmintonkunovice.cz\/index.php?rest_route=%2Fwp%2Fv2%2Fcomments&post=85"}],"version-history":[{"count":0,"href":"https:\/\/badmintonkunovice.cz\/index.php?rest_route=\/wp\/v2\/pages\/85\/revisions"}],"wp:attachment":[{"href":"https:\/\/badmintonkunovice.cz\/index.php?rest_route=%2Fwp%2Fv2%2Fmedia&parent=85"}],"curies":[{"name":"wp","href":"https:\/\/api.w.org\/{rel}","templated":true}]}}