{"id":573,"date":"2013-10-02T20:00:53","date_gmt":"2013-10-02T18:00:53","guid":{"rendered":"http:\/\/www.badec-tjlokomotiva.cz\/?page_id=573"},"modified":"2013-10-02T20:00:53","modified_gmt":"2013-10-02T18:00:53","slug":"rozpis-zapasu-20112012","status":"publish","type":"page","link":"https:\/\/badmintonkunovice.cz\/?page_id=573","title":{"rendered":"Rozpis z\u00e1pas\u016f 2013\/2014"},"content":{"rendered":"<h1 align=\"center\"><span style=\"color: #800000;\"><strong>Jihomoravsk\u00fd kraj\u00a0<\/strong><strong>2013\/2014<\/strong><\/span><\/h1>\n<p>&nbsp;<\/p>\n<p><span style=\"color: #800000;\"><strong>Skupina &#8222;A&#8220;:<\/strong><\/span><\/p>\n<p>1. BC Hamry nad S\u00e1zavou<\/p>\n<p>2. BC Lokomotiva Kunovice<\/p>\n<p>3.\u00a0SK Podol\u00ed &#8222;C&#8220;<\/p>\n<p>4. TJ Chropyn\u011b &#8222;B&#8220;<\/p>\n<p>&nbsp;<\/p>\n<p><span style=\"color: #800000;\"><strong>Term\u00edn utk\u00e1n\u00ed:<\/strong><\/span><\/p>\n<p>1.kolo 12.10.2013 \u00a0 <span style=\"color: #ff6600;\">\u00a0 <strong>BC Lokomotiva<\/strong><\/span> vs. \u00a0SK Podol\u00ed &#8222;C&#8220;<\/p>\n<p>2.kolo 9.11.2013 \u00a0 \u00a0 \u00a0\u00a0TJ Chropyn\u011b &#8222;B&#8220;\u00a0vs. <strong><span style=\"color: #ff6600;\">BC Lokomotiva<\/span><\/strong><\/p>\n<p>3.kolo 30.11.2013 \u00a0 \u00a0\u00a0BC Hamry nad S\u00e1zavou<strong>\u00a0<\/strong>\u00a0vs. <span style=\"color: #ff6600;\"><strong>BC Lokomotiva<\/strong><\/span><\/p>\n<p>4.kolo 14.12.2013 \u00a0 \u00a0\u00a0SK Podol\u00ed &#8222;C&#8220;\u00a0vs. <strong><span style=\"color: #ff6600;\">BC Lokomotiva<\/span><\/strong><\/p>\n<p>5.kolo 11.1.2014 \u00a0 \u00a0 \u00a0\u00a0<span style=\"color: #ff6600;\"><strong>BC Lokomotiva<\/strong><\/span> vs.\u00a0BC Hamry nad S\u00e1zavou<\/p>\n<p>6.kolo 25.1.2014 \u00a0 \u00a0 \u00a0\u00a0<strong><span style=\"color: #ff6600;\">BC Lokomotiva<\/span><\/strong> vs.\u00a0TJ Chropyn\u011b &#8222;B&#8220;<\/p>\n<div>\n<p><span style=\"color: #800000;\"><strong>\u00a0Play off:<\/strong><\/span><\/p>\n<p><span style=\"color: #800000;\"><strong>\u010ctvrtfin\u00e1le<\/strong><\/span><\/p>\n<table border=\"0\" width=\"477\" cellspacing=\"0\" cellpadding=\"0\">\n<tbody>\n<tr>\n<td valign=\"top\" width=\"33%\">Kolo<\/td>\n<td valign=\"top\" width=\"33%\">Datum<\/td>\n<td valign=\"top\" width=\"17%\"><\/td>\n<td valign=\"top\" width=\"17%\"><\/td>\n<\/tr>\n<tr>\n<td valign=\"top\" width=\"33%\">1.kolo<br \/>\n2.kolo<\/td>\n<td valign=\"top\" width=\"33%\">sobota 15.2.2014<br \/>\nned\u011ble 16.2.2014<\/td>\n<td valign=\"top\" width=\"17%\">\n<p align=\"center\">2A \u2013 3B<br \/>\n3B \u2013 2A<\/p>\n<\/td>\n<td valign=\"top\" width=\"17%\">\n<p align=\"center\">2B \u2013 3A<br \/>\n3A \u2013 2B<\/p>\n<\/td>\n<\/tr>\n<\/tbody>\n<\/table>\n<\/div>\n<p>Pozn.: 2A = 2. ze skupiny &#8222;A atd.<\/p>\n<div>\n<p><span style=\"color: #800000;\"><strong>\u00a0Semifin\u00e1le:<\/strong><\/span><\/p>\n<table border=\"0\" width=\"583\" cellspacing=\"0\" cellpadding=\"0\">\n<tbody>\n<tr>\n<td valign=\"top\" width=\"27%\">Kolo<\/td>\n<td valign=\"top\" width=\"27%\">Datum<\/td>\n<td valign=\"top\" width=\"23%\"><\/td>\n<td valign=\"top\" width=\"22%\"><\/td>\n<\/tr>\n<tr>\n<td valign=\"top\" width=\"27%\">1.kolo<br \/>\n2.kolo<\/td>\n<td valign=\"top\" width=\"27%\">sobota 8.3.2014<br \/>\nned\u011ble 9.3.2014<\/td>\n<td valign=\"top\" width=\"23%\">\n<p align=\"center\">1A \u2013 v\u00edt\u011bz 2B-3A<br \/>\nv\u00edt\u011bz 2B-3A \u2013 1A<\/p>\n<\/td>\n<td valign=\"top\" width=\"22%\">\n<p align=\"center\">1B \u2013 v\u00edt\u011bz 2A-3B<br \/>\nv\u00edt\u011bz 2A-3B \u2013 1B<\/p>\n<\/td>\n<\/tr>\n<\/tbody>\n<\/table>\n<\/div>\n<p><span style=\"color: #800000;\"><strong>Fin\u00e1le:<\/strong><\/span><\/p>\n<p>Utk\u00e1n\u00ed \u00a0o 3. m\u00edsto: 5. nebo 6.4. 2014: 9.00<\/p>\n<div>\n<p>Utk\u00e1n\u00ed o 1. m\u00edsto: 5. nebo 6.4. 2013: 11.30<\/p>\n<\/div>\n<p>Term\u00edn utk\u00e1n\u00ed o 5. a 7. m\u00edsto:<\/p>\n<ol>\n<li>kolo sobota 8. 3. 2014 a 2. kolo ned\u011ble 9.3.2014 doma\u00a0 a venku.<\/li>\n<\/ol>\n<p>Term\u00edn bar\u00e1\u017ee :\u00a0\u00a0 10.5.2014<\/p>\n","protected":false},"excerpt":{"rendered":"<p>Jihomoravsk\u00fd kraj\u00a02013\/2014 &nbsp; Skupina &#8222;A&#8220;: 1. BC Hamry nad S\u00e1zavou 2. BC Lokomotiva Kunovice 3.\u00a0SK Podol\u00ed &#8222;C&#8220; 4. TJ Chropyn\u011b &#8222;B&#8220; &nbsp; Term\u00edn utk\u00e1n\u00ed: 1.kolo 12.10.2013 \u00a0 \u00a0 BC Lokomotiva vs. \u00a0SK Podol\u00ed &#8222;C&#8220; 2.kolo 9.11.2013 \u00a0 \u00a0 \u00a0\u00a0TJ Chropyn\u011b &hellip; <a href=\"https:\/\/badmintonkunovice.cz\/?page_id=573\">Cel\u00fd p\u0159\u00edsp\u011bvek <span class=\"meta-nav\">&rarr;<\/span><\/a><\/p>\n","protected":false},"author":1,"featured_media":0,"parent":23,"menu_order":2,"comment_status":"open","ping_status":"open","template":"","meta":[],"_links":{"self":[{"href":"https:\/\/badmintonkunovice.cz\/index.php?rest_route=\/wp\/v2\/pages\/573"}],"collection":[{"href":"https:\/\/badmintonkunovice.cz\/index.php?rest_route=\/wp\/v2\/pages"}],"about":[{"href":"https:\/\/badmintonkunovice.cz\/index.php?rest_route=\/wp\/v2\/types\/page"}],"author":[{"embeddable":true,"href":"https:\/\/badmintonkunovice.cz\/index.php?rest_route=\/wp\/v2\/users\/1"}],"replies":[{"embeddable":true,"href":"https:\/\/badmintonkunovice.cz\/index.php?rest_route=%2Fwp%2Fv2%2Fcomments&post=573"}],"version-history":[{"count":0,"href":"https:\/\/badmintonkunovice.cz\/index.php?rest_route=\/wp\/v2\/pages\/573\/revisions"}],"up":[{"embeddable":true,"href":"https:\/\/badmintonkunovice.cz\/index.php?rest_route=\/wp\/v2\/pages\/23"}],"wp:attachment":[{"href":"https:\/\/badmintonkunovice.cz\/index.php?rest_route=%2Fwp%2Fv2%2Fmedia&parent=573"}],"curies":[{"name":"wp","href":"https:\/\/api.w.org\/{rel}","templated":true}]}}