{"id":539,"date":"2013-02-21T21:56:43","date_gmt":"2013-02-21T19:56:43","guid":{"rendered":"http:\/\/www.badec-tjlokomotiva.cz\/?page_id=539"},"modified":"2013-02-21T21:56:43","modified_gmt":"2013-02-21T19:56:43","slug":"bc-lokomotiva-vs-sk-podoli-c","status":"publish","type":"page","link":"https:\/\/badmintonkunovice.cz\/?page_id=539","title":{"rendered":"BC Lokomotiva vs. SK Podol\u00ed &#8222;C&#8220;"},"content":{"rendered":"<p><a href=\"http:\/\/www.badec-tjlokomotiva.cz\/?attachment_id=540\" rel=\"attachment wp-att-540\"><img loading=\"lazy\" class=\"aligncenter size-full wp-image-540\" alt=\"loko vs podoli 13\" src=\"http:\/\/www.badec-tjlokomotiva.cz\/wp-content\/uploads\/2013\/02\/loko-vs-podoli-13.jpg\" width=\"924\" height=\"369\" srcset=\"https:\/\/badmintonkunovice.cz\/wp-content\/uploads\/2013\/02\/loko-vs-podoli-13.jpg 924w, https:\/\/badmintonkunovice.cz\/wp-content\/uploads\/2013\/02\/loko-vs-podoli-13-300x120.jpg 300w, https:\/\/badmintonkunovice.cz\/wp-content\/uploads\/2013\/02\/loko-vs-podoli-13-768x307.jpg 768w\" sizes=\"(max-width: 924px) 100vw, 924px\" \/><\/a>\u00a0Ve druh\u00e9m \u010dtvrtfin\u00e1lov\u00e9m z\u00e1pase jsme uv\u00edtali Podol\u00ed u n\u00e1s doma, tentokr\u00e1te jsme nastoupili t\u00e9m\u011b\u0159 v pln\u00e9 s\u00edle , a\u017e na st\u00e1le po operaci se zotavuj\u00edc\u00ed Jan\u010du \u0160t\u011bp\u00e1nkovou. Podol\u00ed p\u0159ijelo t\u00e9m\u011b\u0159 ve stejn\u00e9 sestav\u011b a mohlo o\u010dek\u00e1vat tvrd\u00fd boj s Lokomotivou , kter\u00e1 doma je\u0161t\u011b neprohr\u00e1la. Za necelou hodinku a \u010dtvrt bylo po z\u00e1pase a Lokomotiva nedala Podol\u00ed \u0161anci a nekompromisn\u011b nad\u011blila Podol\u00ed na cestu dom\u016f druh\u00e9ho kan\u00e1rka.<\/p>\n<p>Stavem 8:0 se Lokomotiva dostala do semifin\u00e1le , kde se potk\u00e1 s velmi t\u011b\u017ek\u00fdm soupe\u0159em ze sousedn\u00edho Zl\u00edna. U\u017e se v\u0161ichni t\u011b\u0161\u00edme .<\/p>\n","protected":false},"excerpt":{"rendered":"<p>\u00a0Ve druh\u00e9m \u010dtvrtfin\u00e1lov\u00e9m z\u00e1pase jsme uv\u00edtali Podol\u00ed u n\u00e1s doma, tentokr\u00e1te jsme nastoupili t\u00e9m\u011b\u0159 v pln\u00e9 s\u00edle , a\u017e na st\u00e1le po operaci se zotavuj\u00edc\u00ed Jan\u010du \u0160t\u011bp\u00e1nkovou. Podol\u00ed p\u0159ijelo t\u00e9m\u011b\u0159 ve stejn\u00e9 sestav\u011b a mohlo o\u010dek\u00e1vat tvrd\u00fd boj s Lokomotivou &hellip; <a href=\"https:\/\/badmintonkunovice.cz\/?page_id=539\">Cel\u00fd p\u0159\u00edsp\u011bvek <span class=\"meta-nav\">&rarr;<\/span><\/a><\/p>\n","protected":false},"author":1,"featured_media":0,"parent":434,"menu_order":0,"comment_status":"open","ping_status":"open","template":"","meta":[],"_links":{"self":[{"href":"https:\/\/badmintonkunovice.cz\/index.php?rest_route=\/wp\/v2\/pages\/539"}],"collection":[{"href":"https:\/\/badmintonkunovice.cz\/index.php?rest_route=\/wp\/v2\/pages"}],"about":[{"href":"https:\/\/badmintonkunovice.cz\/index.php?rest_route=\/wp\/v2\/types\/page"}],"author":[{"embeddable":true,"href":"https:\/\/badmintonkunovice.cz\/index.php?rest_route=\/wp\/v2\/users\/1"}],"replies":[{"embeddable":true,"href":"https:\/\/badmintonkunovice.cz\/index.php?rest_route=%2Fwp%2Fv2%2Fcomments&post=539"}],"version-history":[{"count":0,"href":"https:\/\/badmintonkunovice.cz\/index.php?rest_route=\/wp\/v2\/pages\/539\/revisions"}],"up":[{"embeddable":true,"href":"https:\/\/badmintonkunovice.cz\/index.php?rest_route=\/wp\/v2\/pages\/434"}],"wp:attachment":[{"href":"https:\/\/badmintonkunovice.cz\/index.php?rest_route=%2Fwp%2Fv2%2Fmedia&parent=539"}],"curies":[{"name":"wp","href":"https:\/\/api.w.org\/{rel}","templated":true}]}}