{"id":491,"date":"2013-01-20T20:15:11","date_gmt":"2013-01-20T18:15:11","guid":{"rendered":"http:\/\/www.badec-tjlokomotiva.cz\/?page_id=491"},"modified":"2013-01-20T20:15:11","modified_gmt":"2013-01-20T18:15:11","slug":"bc-lokomotiva-vs-bc-smartlife-reckovice-b","status":"publish","type":"page","link":"https:\/\/badmintonkunovice.cz\/?page_id=491","title":{"rendered":"BC Lokomotiva vs BC SmartLife \u0158e\u010dkovice &#8222;B&#8220;"},"content":{"rendered":"<p><a href=\"http:\/\/www.badec-tjlokomotiva.cz\/wp-content\/uploads\/2013\/01\/loko-vs-recky.jpg\"><img loading=\"lazy\" class=\"aligncenter size-full wp-image-492\" title=\"loko vs recky\" src=\"http:\/\/www.badec-tjlokomotiva.cz\/wp-content\/uploads\/2013\/01\/loko-vs-recky.jpg\" alt=\"\" width=\"938\" height=\"334\" srcset=\"https:\/\/badmintonkunovice.cz\/wp-content\/uploads\/2013\/01\/loko-vs-recky.jpg 938w, https:\/\/badmintonkunovice.cz\/wp-content\/uploads\/2013\/01\/loko-vs-recky-300x107.jpg 300w, https:\/\/badmintonkunovice.cz\/wp-content\/uploads\/2013\/01\/loko-vs-recky-768x273.jpg 768w\" sizes=\"(max-width: 938px) 100vw, 938px\" \/><\/a><\/p>\n<p>V druh\u00e9m dom\u00e1c\u00edm z\u00e1pase, jsme u n\u00e1s uv\u00edtali t\u00fdm Ricarda Folt\u00fdna, zn\u00e1m\u00e9ho to bojovn\u00edka. N\u00e1\u0161 c\u00edl byl jasn\u00fd \u00a0hned od za\u010d\u00e1tku , pap\u00edrov\u011b slab\u0161\u00edho soupe\u0159e p\u0159ehr\u00e1t aktivn\u00ed hrou a potvrdit tak na\u0161i vzr\u016fstaj\u00edc\u00ed formu.<\/p>\n<p><span style=\"color: #ff6600;\">Debl mu\u017e\u016f 2:<\/span><\/p>\n<p>Jirka s Tomem nastoupili v dobr\u00e9m rozpolo\u017een\u00ed a hladce porazili soupe\u0159e 21:9 a 21:10.<\/p>\n<p><span style=\"color: #ff0000;\">Stav: 1:0<\/span><\/p>\n<p><span style=\"color: #ff6600;\">Debl mu\u017e\u016f 1:<\/span><\/p>\n<p>Zdenek s Mirkem napodobili v\u00fdkon \u00a0kluk\u016f v druh\u00e9m debl\u00edku a lehce zv\u00edt\u011bzili 21:12 a 21:11.<\/p>\n<p><span style=\"color: #ff0000;\">Stav: 2:0<\/span><\/p>\n<p><span style=\"color: #ff6600;\">Singl 1:<\/span><\/p>\n<p>Milo\u0161 nastoupil proti Lubovi vla\u017en\u011b a soupe\u0159e si sp\u00ed\u0161 o\u0165uk\u00e1val, prvn\u00ed set jsme prohr\u00e1li 12:21. V druh\u00e9m za\u010dal Milo\u0161 podstatn\u011b l\u00e9pe a p\u0159i stavu 10:2 pro n\u011bj jsme si \u0159\u00edkali , \u017ee m\u00e1me vyhr\u00e1no, jen\u017ee Luba se nenechal a v koncovce urval pro \u0158e\u010dky prvn\u00ed bod\u00edk, zv\u00edt\u011bzil 18:21.<\/p>\n<p><span style=\"color: #ff0000;\">Stav: 2:1<\/span><\/p>\n<p><span style=\"color: #ff6600;\">Sing mu\u017ei 2:<\/span><\/p>\n<p>Jirka rozveselen z v\u00fdhry v debl\u00edku nastoupil do dvouhry, jen\u017ee \u00fasm\u011bv ztuhl po prvn\u00edm setu kdy prohr\u00e1l v koncovce 18:21. V druh\u00e9m setu oto\u010dil a borci se tahali o ka\u017ed\u00fd bod\u00edk, kone\u010dn\u00e9 sk\u00f3re vyzn\u011blo l\u00e9pe pro dom\u00e1c\u00ed a Jirka vyhr\u00e1l 25:23. Bohu\u017eel , koncovka tr\u00e1pila Jirku i v t\u0159et\u00edm setu a tak podlehl 15:21.<\/p>\n<p><span style=\"color: #ff0000;\">Stav: 2:2<\/span><\/p>\n<p><span style=\"color: #ff6600;\">Sing mu\u017e\u016f 3:<\/span><\/p>\n<p>Tom\u00e1\u0161, n\u00e1\u0161 pes obran\u00e1\u0159, si dnes op\u011bt utahal sv\u00e9ho soupe\u0159e , kter\u00fd do n\u011bj sypal jednu sme\u010d za druhou. A tak bez \u017e\u00e1dn\u00e9ho drama zv\u00edt\u011bzil 21:10 a 21:15.<\/p>\n<p><span style=\"color: #ff0000;\">Stav: 3:2<\/span><\/p>\n<p><span style=\"color: #ff6600;\">Singl \u017een :<\/span><\/p>\n<p>Monika se moc p\u0159i singlu nezapotila , sotva se zah\u0159\u00e1la, tak utk\u00e1n\u00ed skon\u010dilo. Soupe\u0159ku v prvn\u00edm setu rozst\u0159\u00edlela 21:8 , druh\u00fd set zvolnila a uhl\u00eddala si v\u00fdhru na 21:16.<\/p>\n<p><span style=\"color: #ff0000;\">Stav 4:2<\/span><\/p>\n<p><span style=\"color: #ff6600;\">Debl \u017een :<\/span><\/p>\n<p>Premi\u00e9ru si spolu odbyly Jan\u010da s Mon\u010dou , nesehranost holek se projevila v prvn\u00edm setu , kdy prohr\u00e1li 17:21. Ve druh\u00e9m setu holky zabrali , sehr\u00e1li se a v\u0161e bylo jinak , vyhr\u00e1ly 21:14. T\u0159et\u00ed set ji\u017e na\u0161e holky zcela ovl\u00e1dly, a p\u0159esn\u00e1 a tvrd\u00e1 sme\u010d Mon\u010di op\u011bt \u00fa\u0159adovala a s p\u0159ehledem vyhr\u00e1li ve t\u0159et\u00edm setu 21:9.<\/p>\n<p><span style=\"color: #ff0000;\">Stav: 5:2<\/span><\/p>\n<p><span style=\"color: #ff0000;\">Mix:<\/span><\/p>\n<p>Zdenek s Jan\u010dou v prvn\u00edm setu vyhr\u00e1li 21:10 a druh\u00fd set se u\u017e vid\u011bli doma a Zdenek za\u010dal vym\u00fd\u0161let par\u00e1di\u010dky, jen\u017ee nato nebyl soupe\u0159 moc zv\u011bdav\u00fd a za\u010dal trestat , a za stavu 17:21 se \u0161lo do t\u0159et\u00edho setu. To u\u017e Zdenek s Jan\u010dou nic nenechali n\u00e1hod\u011b a op\u011bt hr\u00e1li to svoje a nav\u00e1zali na prvn\u00ed set , a vyhr\u00e1li 21:14.<\/p>\n<p><span style=\"color: #ff0000;\">Stav: 6:2<\/span><\/p>\n<p>&nbsp;<\/p>\n","protected":false},"excerpt":{"rendered":"<p>V druh\u00e9m dom\u00e1c\u00edm z\u00e1pase, jsme u n\u00e1s uv\u00edtali t\u00fdm Ricarda Folt\u00fdna, zn\u00e1m\u00e9ho to bojovn\u00edka. N\u00e1\u0161 c\u00edl byl jasn\u00fd \u00a0hned od za\u010d\u00e1tku , pap\u00edrov\u011b slab\u0161\u00edho soupe\u0159e p\u0159ehr\u00e1t aktivn\u00ed hrou a potvrdit tak na\u0161i vzr\u016fstaj\u00edc\u00ed formu. Debl mu\u017e\u016f 2: Jirka s Tomem &hellip; <a href=\"https:\/\/badmintonkunovice.cz\/?page_id=491\">Cel\u00fd p\u0159\u00edsp\u011bvek <span class=\"meta-nav\">&rarr;<\/span><\/a><\/p>\n","protected":false},"author":1,"featured_media":0,"parent":434,"menu_order":3,"comment_status":"open","ping_status":"open","template":"","meta":[],"_links":{"self":[{"href":"https:\/\/badmintonkunovice.cz\/index.php?rest_route=\/wp\/v2\/pages\/491"}],"collection":[{"href":"https:\/\/badmintonkunovice.cz\/index.php?rest_route=\/wp\/v2\/pages"}],"about":[{"href":"https:\/\/badmintonkunovice.cz\/index.php?rest_route=\/wp\/v2\/types\/page"}],"author":[{"embeddable":true,"href":"https:\/\/badmintonkunovice.cz\/index.php?rest_route=\/wp\/v2\/users\/1"}],"replies":[{"embeddable":true,"href":"https:\/\/badmintonkunovice.cz\/index.php?rest_route=%2Fwp%2Fv2%2Fcomments&post=491"}],"version-history":[{"count":0,"href":"https:\/\/badmintonkunovice.cz\/index.php?rest_route=\/wp\/v2\/pages\/491\/revisions"}],"up":[{"embeddable":true,"href":"https:\/\/badmintonkunovice.cz\/index.php?rest_route=\/wp\/v2\/pages\/434"}],"wp:attachment":[{"href":"https:\/\/badmintonkunovice.cz\/index.php?rest_route=%2Fwp%2Fv2%2Fmedia&parent=491"}],"curies":[{"name":"wp","href":"https:\/\/api.w.org\/{rel}","templated":true}]}}