{"id":398,"date":"2012-06-27T22:04:47","date_gmt":"2012-06-27T20:04:47","guid":{"rendered":"http:\/\/www.badec-tjlokomotiva.cz\/?page_id=398"},"modified":"2012-06-27T22:04:47","modified_gmt":"2012-06-27T20:04:47","slug":"skp-kometa-brno-b-vs-bc-lokomotiva","status":"publish","type":"page","link":"https:\/\/badmintonkunovice.cz\/?page_id=398","title":{"rendered":"SKP Kometa Brno &#8222;B&#8220; vs BC Lokomotiva"},"content":{"rendered":"<p><a href=\"http:\/\/www.badec-tjlokomotiva.cz\/wp-content\/uploads\/2012\/06\/Kometa-vs-Bc-Loko.png\"><img loading=\"lazy\" class=\"aligncenter size-full wp-image-399\" title=\"Kometa vs Bc Loko\" src=\"http:\/\/www.badec-tjlokomotiva.cz\/wp-content\/uploads\/2012\/06\/Kometa-vs-Bc-Loko.png\" alt=\"\" width=\"755\" height=\"470\" srcset=\"https:\/\/badmintonkunovice.cz\/wp-content\/uploads\/2012\/06\/Kometa-vs-Bc-Loko.png 755w, https:\/\/badmintonkunovice.cz\/wp-content\/uploads\/2012\/06\/Kometa-vs-Bc-Loko-300x187.png 300w\" sizes=\"(max-width: 755px) 100vw, 755px\" \/><\/a>\u00a0Druh\u00fd z\u00e1pas o 3. m\u00edsto u\u017e byla jen p\u0159\u00edjemn\u00e1 povinnost , proto\u017ee ke zvratu by musela Kometa vyhr\u00e1t 8:0 s lep\u0161\u00edm skore , a vzhledem k tomu , \u017ee Lokomotiva p\u0159ijela op\u011bt v pln\u00e9 s\u00edle tak to bylo t\u00e9m\u011b\u0159 nemo\u017en\u00e9. Z\u00e1pasy se u\u017e odehr\u00e1li v poklidn\u00e9m duchu. A s kone\u010dn\u00fdm skore 6:2 pro Lokomotivu, se Lokomotiva um\u00edstila na p\u011bkn\u00e9m 3. m\u00edst\u011b v M\u011bstsk\u00e9m p\u0159eboru.<\/p>\n","protected":false},"excerpt":{"rendered":"<p>\u00a0Druh\u00fd z\u00e1pas o 3. m\u00edsto u\u017e byla jen p\u0159\u00edjemn\u00e1 povinnost , proto\u017ee ke zvratu by musela Kometa vyhr\u00e1t 8:0 s lep\u0161\u00edm skore , a vzhledem k tomu , \u017ee Lokomotiva p\u0159ijela op\u011bt v pln\u00e9 s\u00edle tak to bylo t\u00e9m\u011b\u0159 nemo\u017en\u00e9. &hellip; <a href=\"https:\/\/badmintonkunovice.cz\/?page_id=398\">Cel\u00fd p\u0159\u00edsp\u011bvek <span class=\"meta-nav\">&rarr;<\/span><\/a><\/p>\n","protected":false},"author":1,"featured_media":0,"parent":107,"menu_order":13,"comment_status":"open","ping_status":"open","template":"","meta":[],"_links":{"self":[{"href":"https:\/\/badmintonkunovice.cz\/index.php?rest_route=\/wp\/v2\/pages\/398"}],"collection":[{"href":"https:\/\/badmintonkunovice.cz\/index.php?rest_route=\/wp\/v2\/pages"}],"about":[{"href":"https:\/\/badmintonkunovice.cz\/index.php?rest_route=\/wp\/v2\/types\/page"}],"author":[{"embeddable":true,"href":"https:\/\/badmintonkunovice.cz\/index.php?rest_route=\/wp\/v2\/users\/1"}],"replies":[{"embeddable":true,"href":"https:\/\/badmintonkunovice.cz\/index.php?rest_route=%2Fwp%2Fv2%2Fcomments&post=398"}],"version-history":[{"count":0,"href":"https:\/\/badmintonkunovice.cz\/index.php?rest_route=\/wp\/v2\/pages\/398\/revisions"}],"up":[{"embeddable":true,"href":"https:\/\/badmintonkunovice.cz\/index.php?rest_route=\/wp\/v2\/pages\/107"}],"wp:attachment":[{"href":"https:\/\/badmintonkunovice.cz\/index.php?rest_route=%2Fwp%2Fv2%2Fmedia&parent=398"}],"curies":[{"name":"wp","href":"https:\/\/api.w.org\/{rel}","templated":true}]}}