{"id":119,"date":"2011-10-23T22:18:48","date_gmt":"2011-10-23T20:18:48","guid":{"rendered":"http:\/\/www.badec-tjlokomotiva.cz\/?page_id=119"},"modified":"2011-10-23T22:18:48","modified_gmt":"2011-10-23T20:18:48","slug":"bc-lokomotiva-vs-badminton-ceska","status":"publish","type":"page","link":"https:\/\/badmintonkunovice.cz\/?page_id=119","title":{"rendered":"BC Lokomotiva vs Badminton \u010cesk\u00e1"},"content":{"rendered":"<p><a href=\"http:\/\/www.badec-tjlokomotiva.cz\/wp-content\/uploads\/2011\/10\/TJ-Loko-vs-Ceska.jpg\"><img loading=\"lazy\" class=\"aligncenter size-full wp-image-120\" title=\"TJ Loko vs Ceska\" src=\"http:\/\/www.badec-tjlokomotiva.cz\/wp-content\/uploads\/2011\/10\/TJ-Loko-vs-Ceska.jpg\" alt=\"\" width=\"1170\" height=\"722\" srcset=\"https:\/\/badmintonkunovice.cz\/wp-content\/uploads\/2011\/10\/TJ-Loko-vs-Ceska.jpg 1170w, https:\/\/badmintonkunovice.cz\/wp-content\/uploads\/2011\/10\/TJ-Loko-vs-Ceska-300x185.jpg 300w, https:\/\/badmintonkunovice.cz\/wp-content\/uploads\/2011\/10\/TJ-Loko-vs-Ceska-1024x632.jpg 1024w, https:\/\/badmintonkunovice.cz\/wp-content\/uploads\/2011\/10\/TJ-Loko-vs-Ceska-768x474.jpg 768w\" sizes=\"(max-width: 1170px) 100vw, 1170px\" \/><\/a>N\u00e1\u0161 prvn\u00ed z\u00e1pas jsme odehr\u00e1li s nov\u00e1\u010dkem sout\u011b\u017ee Badminton \u010cesk\u00e1 dne 8.10. 2011 a z\u00e1pas to nebyl tak jednozna\u010dn\u00fd, jak poukazuje v\u00fdsledek. Hr\u00e1li se vyrovnan\u00e9 z\u00e1pasy, kdy v koncovce jsme \u010ceskou p\u0159etla\u010dili, jen \u0161koda, \u017ee nem\u011bli sestaven\u00fd \u017eensk\u00fd debl. Z\u00e1pasy jsme odehr\u00e1li v p\u0159atelsk\u00e9 atmosf\u00e9\u0159e a poznali jsme spoustu skv\u011bl\u00fdch lid\u00ed a u\u017e se t\u011b\u0161\u00edme na odvetu v \u010cesk\u00e9.<\/p>\n<p>Doloh<\/p>\n<p>&nbsp;<\/p>\n<p>&nbsp;<\/p>\n<p>&nbsp;<\/p>\n<p>&nbsp;<\/p>\n<p>&nbsp;<\/p>\n<p>&nbsp;<\/p>\n<p>&nbsp;<\/p>\n<p>&nbsp;<\/p>\n","protected":false},"excerpt":{"rendered":"<p>N\u00e1\u0161 prvn\u00ed z\u00e1pas jsme odehr\u00e1li s nov\u00e1\u010dkem sout\u011b\u017ee Badminton \u010cesk\u00e1 dne 8.10. 2011 a z\u00e1pas to nebyl tak jednozna\u010dn\u00fd, jak poukazuje v\u00fdsledek. Hr\u00e1li se vyrovnan\u00e9 z\u00e1pasy, kdy v koncovce jsme \u010ceskou p\u0159etla\u010dili, jen \u0161koda, \u017ee nem\u011bli sestaven\u00fd \u017eensk\u00fd debl. Z\u00e1pasy &hellip; <a href=\"https:\/\/badmintonkunovice.cz\/?page_id=119\">Cel\u00fd p\u0159\u00edsp\u011bvek <span class=\"meta-nav\">&rarr;<\/span><\/a><\/p>\n","protected":false},"author":1,"featured_media":0,"parent":107,"menu_order":0,"comment_status":"open","ping_status":"open","template":"","meta":[],"_links":{"self":[{"href":"https:\/\/badmintonkunovice.cz\/index.php?rest_route=\/wp\/v2\/pages\/119"}],"collection":[{"href":"https:\/\/badmintonkunovice.cz\/index.php?rest_route=\/wp\/v2\/pages"}],"about":[{"href":"https:\/\/badmintonkunovice.cz\/index.php?rest_route=\/wp\/v2\/types\/page"}],"author":[{"embeddable":true,"href":"https:\/\/badmintonkunovice.cz\/index.php?rest_route=\/wp\/v2\/users\/1"}],"replies":[{"embeddable":true,"href":"https:\/\/badmintonkunovice.cz\/index.php?rest_route=%2Fwp%2Fv2%2Fcomments&post=119"}],"version-history":[{"count":0,"href":"https:\/\/badmintonkunovice.cz\/index.php?rest_route=\/wp\/v2\/pages\/119\/revisions"}],"up":[{"embeddable":true,"href":"https:\/\/badmintonkunovice.cz\/index.php?rest_route=\/wp\/v2\/pages\/107"}],"wp:attachment":[{"href":"https:\/\/badmintonkunovice.cz\/index.php?rest_route=%2Fwp%2Fv2%2Fmedia&parent=119"}],"curies":[{"name":"wp","href":"https:\/\/api.w.org\/{rel}","templated":true}]}}