{"id":620,"date":"2013-11-22T10:50:43","date_gmt":"2013-11-22T08:50:43","guid":{"rendered":"http:\/\/www.badec-tjlokomotiva.cz\/?page_id=620"},"modified":"2013-11-22T10:50:43","modified_gmt":"2013-11-22T08:50:43","slug":"klub-bc-lokomotiva","status":"publish","type":"page","link":"http:\/\/badmintonkunovice.cz\/?page_id=620","title":{"rendered":"Klub BC Lokomotiva"},"content":{"rendered":"<p>V\u00edtejte na str\u00e1nk\u00e1ch badmintonov\u00e9ho klubu &#8220;\u00a0<strong>BC\u00a0LOKOMOTIVA\u00a0<\/strong>&#8222;.<\/p>\n<p><span style=\"color: #ff0000;\"><strong>Sez\u00f3na 2016\/2017<\/strong><\/span><\/p>\n<p>Ohl\u00e9dnut\u00ed za sez\u00f3nou 2015\/2016<\/p>\n<p>T\u00fdm C:<\/p>\n<p>V minul\u00e9m roce jsme zalo\u017eili ji\u017e t\u0159et\u00ed t\u00fdm, kter\u00fd si vzal na starosti Lukyn Zich. Jak to tak b\u00fdv\u00e1 tak za\u010d\u00e1tky jsou v\u017edy t\u011b\u017ek\u00e9 , a hned v \u00favodu , nejednou , zp\u00edval kan\u00e1rek. Ale jak to u Lokomotivy b\u00fdv\u00e1 , tak se ned\u00e1 zadarmo , a postupem \u010dasu se ka\u017ed\u00fd kr\u016f\u010dek po kr\u016f\u010dku zlep\u0161oval. Asi nejv\u011bt\u0161\u00edho \u00fasp\u011bchu dos\u00e1hli hr\u00e1\u010di v bratrovra\u017eedn\u00e9m derby proti UH. Hradi\u0161ti, kdy urvali rem\u00edzu. Z celkov\u00e9ho po\u010dtu 10 t\u00fdm\u016f skon\u010dili na 9 m\u00edst\u011b.<\/p>\n<p>V leto\u0161n\u00ed sez\u00f3n\u011b 2016\/2017 se pr\u016fb\u011b\u017en\u011b t\u00fdm pohybuje do 3. m\u00edsta a p\u0159i tro\u0161e \u0161t\u011bst\u00ed m\u016f\u017ee pom\u00fd\u0161let na boj o postup do vy\u0161\u0161\u00ed sout\u011b\u017ee, tak uvid\u00edme jak to dopadne&#8230;.<\/p>\n<p>T\u00fdm B:<\/p>\n<p>V z\u00e1kladn\u00ed skupin\u011b 5. ligy , pro\u0161el t\u00fdm hladce se 4 v\u00fdhrama, 1 rem\u00edzou a 1 prohrou na prvn\u00edm m\u00edst\u011b. A \u010dekal na semifin\u00e1lov\u00e9ho soupe\u0159e , kter\u00fd vze\u0161el ze \u010dtvrtfin\u00e1lov\u00fdch souboj\u016f. Soupe\u0159em byla Jihlava &#8222;B&#8220;, kterou jsme porazili v\u00fdsledky 4:4 a 6:2 a postoupili do fin\u00e1le. Ve fin\u00e1le jsme narazili na velice siln\u00fd t\u00fdm BADMEN Brno. Chyb\u011blo n\u00e1m tro\u0161ku \u0161t\u011bst\u00ed\u010dka , kdy jsme prohr\u00e1li v\u0161echny 3 mu\u017esk\u00e9 singly ve t\u0159ech setech , a tak jsme prohr\u00e1li 2:6. Ale postupov\u00e1 \u0161ance \u017eila je\u0161t\u011b bar\u00e1\u017eov\u00fdm utk\u00e1n\u00edm proti \u017d\u00edzniv\u00e9mu papou\u0161kovi. Utk\u00e1n\u00ed se odehr\u00e1lo na neutr\u00e1ln\u00ed p\u016fd\u011b na Sprintu v Brn\u011b , kde jsme deklasovali soupe\u0159e v\u00fdsledkem 7:1, a bylo rozhodnuto , t\u00fdm BC Lokomotiva &#8222;B&#8220; postupuje do 4. ligy.<\/p>\n<p>V leto\u0161n\u00ed sez\u00f3n\u011b 2016\/2017 se t\u00fdm pohybuje na prvn\u00edm m\u00edst\u011b , nejv\u011bt\u0161\u00edm soupe\u0159em ve skupin\u011b je Jihlava &#8222;B&#8220;. I v leto\u0161n\u00ed sez\u00f3n\u011b jsme si vzali nemal\u00fd c\u00edl, zkusit postoupit je\u0161t\u011b o jednu ligu v\u00fd\u0161 &#8230;.<\/p>\n<p>T\u00fdm A:<\/p>\n<p>V z\u00e1kladn\u00ed skupin\u011b se 6 v\u00fdhrama , jsme postoupili do semifin\u00e1le a \u010dekali na soupe\u0159e. V semifin\u00e1le jsme narazili na Hodon\u00edn , a p\u0159i hodn\u011b emotivn\u00edch z\u00e1pasech jsme je p\u0159ehr\u00e1li 6:2 a 6:2. Chu\u0165 po postupu byla obrovsk\u00e1 , ale v cest\u011b n\u00e1m st\u00e1l velice t\u011b\u017ek\u00fd soupe\u0159 Jihlava&#8220;A&#8220;, kter\u00fd m\u00e1 ve sv\u00fdch \u0159ad\u00e1ch v\u00fdborn\u00e9 hr\u00e1\u010de , kte\u0159\u00ed stabiln\u011b hr\u00e1vali 2.ligu. Z\u00e1pasy to byli velice t\u011bsn\u00e9 , a tak jako &#8222;B\u010dku&#8220; tak i &#8222;\u00c1\u010dku&#8220; chyb\u011blo \u0161t\u011bst\u00ed\u010dko a tak smoln\u011b jsme prohr\u00e1li 3:5, a \u010dekali jsme na bar\u00e1\u017eov\u00e9ho soupe\u0159e z 2. ligy.<\/p>\n<p>\u0160t\u011bst\u00ed v n\u011b\u0161t\u011bst\u00ed se pro n\u00e1s uk\u00e1zal soupe\u0159 z Ivan\u010dic 66 , kdy \u010d\u00edslo 66 znamenalo odkdy se tam badminton hraje. Celou skupinu hr\u00e1li Ivan\u010dice ve druh\u00e9 lize v ne\u00fapln\u00fdch sestav\u00e1ch , ale na bar\u00e1\u017e se poskl\u00e1dali v pln\u00e9 s\u00edle. Op\u011bt chyb\u011blo st\u011bst\u00ed\u010dko , a smoln\u011b jsme i v bar\u00e1\u017ei prohr\u00e1li 3:5 a z\u016fstali ve 3.lize.<\/p>\n<p>V leto\u0161n\u00ed sez\u00f3n\u011b 2016\/2017 chceme op\u011bt bojovat o 2. ligu , doufejme , \u017ee jsme si sm\u016flu ji\u017e vybrali a letos budeme m\u00edt v\u00edc \u0161t\u011bst\u00ed.<\/p>\n<p><span style=\"color: #ff0000;\"><strong>Sez\u00f3na 2015\/2016<br \/>\n<\/strong><\/span><\/p>\n<p>V leto\u0161n\u00ed sez\u00f3n\u011b jsme zalo\u017eili ji\u017e 3. odd\u00edl Kunovic &#8222;C&#8220;. B\u010dko a A\u010dko si vzali nemal\u00fd c\u00edl , dostat se mezi 4 nejlep\u0161\u00ed , tak se n\u00e1m to snad poda\u0159\u00ed.<\/p>\n<p>P\u0159edch\u00e1zej\u00edc\u00ed sez\u00f3na se nesla v duchu velk\u00fdch p\u0159edsevzet\u00ed. T\u00fdm B m\u011bl ambice postoupit mezi 4 nejlep\u0161\u00ed a utkat se o postup do IV. ligy a t\u00fdm A m\u011bl p\u0159es sebou nelehk\u00fd \u00fakol obh\u00e1jit \u00fa\u010dast ve III. lize. A jak to nakonec dopadlo ?<\/p>\n<p>T\u00fdm B za\u010dal v z\u00e1kladn\u00ed skupin\u011b slibn\u011b , av\u0161ak 2 v\u00fdhry , 2 rem\u00edzy a 2 prohry , sta\u010dili pouze na 2. p\u0159\u00ed\u010dku. V playoff se t\u00fdm utkal se sousedy z Uhersk\u00e9ho Brodu , po z\u00e1pasech 5:3 a 3:5 , stejn\u00e9m po\u010dtu set\u016f, se \u0161li po\u010d\u00edtat m\u00ed\u010dky.\u00a0 V\u011bt\u0161\u00ed m\u00edra \u0161test\u00ed se p\u0159iklonila sympatick\u00fdm hr\u00e1\u010d\u016fm z Brodu a tak pom\u011brem 689:676 \u0161li mezi 4 nejlep\u0161\u00ed a hr\u00e1\u010de Kunovic \u010dekal boj o 5. m\u00edsto s hr\u00e1\u010di VSK VUT Brno. Pom\u011brem 6:2 a 6:2 zv\u00edtezili hr\u00e1\u010di Kunovic a z\u016fstali stup\u00fdnek za sv\u00fdm p\u0159edsevzet\u00edm.<\/p>\n<p>T\u00fdm A vkro\u010dil do sez\u00f3ny z\u00e1pasem 0:8 a hned n aza\u010d\u00e1tku bylo jasn\u00e9 , \u017ee to nebude nejjednodu\u0161\u0161\u00ed. Co odd\u00edl to zvu\u010dn\u00e9 jm\u00e9na v\u00fdborn\u00fdch hr\u00e1\u010d\u016f : Chropyn\u011b &#8211; Schmied, Slav\u00edk ml, Sk Podol\u00ed -Sedl\u00e1\u010dek, \u0160tursa, B\u00e1r a ABC Brno &#8211; legenda Thomasz Mendrek. Jedna v\u00fdhra, dv\u011b rem\u00edzy a t\u0159i prohry zajistili t\u00fdmu z Kunovic 3. m\u00edsto. Do playoff jsme nastoupili proti t\u00fdmu SKP Kometa , kter\u00fd moc dob\u0159e zn\u00e1me , proto\u017ee tam m\u00e1me spoustu kamar\u00e1d\u016f. Z\u00e1pasy to byly vyrovnan\u00e9 , av\u0161ak v\u00edce badmintonov\u00e9ho \u0161t\u011bst\u00ed m\u011bli na raket\u00e1ch hr\u00e1\u010di z Brna a v\u00fdsledkem 5:3 a 6:2 poslali Kunovice do boje o 5-6. m\u00edsto proti SK Podol\u00ed , tentokr\u00e1te &#8222;B&#8220;. T\u00fdm &#8222;B&#8220; nebyl rozhodn\u011b hor\u0161\u00edm t\u00fdmem jako jejich \u00c1\u010dko , kter\u00e9 jsme potkali v z\u00e1kladn\u00ed \u010d\u00e1sti , ba naopak. Ani v tomto dvojutk\u00e1n\u00ed nebylo \u0161t\u011bst\u00ed naklon\u011bno a po proh\u0159e 3:5 a rem\u00edze 4:4, u\u017e bylo zle, a \u0161lo se do bar\u00e1\u017ee , kde se utkali 3 t\u00fdmy , a pouze jeden mohl z\u016fstat ve t\u0159et\u00ed lize. Dne 17.5. jsme nastoupili v Brn\u011b na Sprintu proti celk\u016fm ABC Brno a RSC Brno &#8222;B&#8220;. Jeliko\u017e ABC Brno nebylo kompletn\u00ed tak se v\u0161echny utk\u00e1n\u00ed skre\u010dovali a v\u0161e rozhodl z\u00e1pas mezi RSC Brno a Lokomotivou z Kunovic. To co se n\u00e1m neda\u0159ilo celou sez\u00f3nu se poda\u0159ilo v posledn\u00edm z\u00e1pase , a suver\u00e9n\u00edm v\u00fdsledkem 7:1 a 15:2 na sety , jsme zachr\u00e1nili 3. ligu v Kunovic\u00edch a mohli jsme si s klidn\u00fdm sv\u011bdom\u00edm za\u010d\u00edt u\u017e\u00edvat &#8222;badmintonov\u00fdch pr\u00e1zdnin&#8220;.<\/p>\n<p><span style=\"color: #ff0000;\"><strong>Sez\u00f3na 2014\/2015<\/strong><\/span><\/p>\n<p>V leto\u0161n\u00ed sez\u00f3n\u011b stoj\u00ed p\u0159ed n\u00e1mi nemal\u00fd \u00fakol, budeme se sna\u017eit o udr\u017een\u00ed se ve III. lize , kam jsme postoupili z prvn\u00edho m\u00edsta p\u0159es SK Vesel\u00fd Brno. V p\u0159\u00edprav\u011b n\u00e1m pom\u00e1ha zku\u0161en\u00fd \u0161pi\u010dkov\u00fd tren\u00e9r Tom Voves, tak budeme d\u011blat maximum pro to , abychom uk\u00e1zali, \u017ee do III. ligy pr\u00e1vem pat\u0159\u00edme.<\/p>\n<p>&nbsp;<\/p>\n<p><span style=\"color: #ff0000;\"><strong>Sez\u00f3na 2013\/2014<\/strong><\/span><\/p>\n<p>Tak a je to kone\u010dn\u011b tady , bur\u010d\u00e1k ji\u017e n\u00e1m kvas\u00ed ve skl\u00edpku a my za\u010d\u00edn\u00e1me piln\u011b tr\u00e9novat na novou sez\u00f3nu. Tak poj\u010fme do toho prvn\u00ed z\u00e1pas vypukne 7.10.2013 v Kunovic\u00edch od 19:00 hod.<\/p>\n<p>Kunovi\u010dt\u00ed badmintonist\u00e9 dos\u00e1hli velk\u00e9ho \u00fasp\u011bchu. B\u011bhem 4 let vzniku badmintonov\u00e9ho odd\u00edlu se ji\u017e podruh\u00e9 radovali z postupu do vy\u0161\u0161\u00ed sout\u011b\u017ee. Leto\u0161n\u00ed postup je o to cenn\u011bj\u0161\u00ed , \u017ee postup do III. ligy zaru\u010duje se utk\u00e1vat ji\u017e s poloprofesion\u00e1ln\u00edmi hr\u00e1\u010di badmintonu. Cesta v\u0161ak k titulu nebyla v\u016fbec jednoduch\u00e1. Prvn\u00ed z\u00e1pas odehr\u00e1la BC Lokomotiva Kunovice na dom\u00e1c\u00ed p\u016fd\u011b 14.10. 2013 a vstoupila do nov\u00e9 sez\u00f3ny v\u00fdhrou 7:1 nad SK Podol\u00ed &#8222;C&#8220;. Nejt\u011b\u017e\u0161\u00ed z\u00e1pas v z\u00e1kladn\u00ed skupin\u011b \u010dekal Kunovice v Chropyni. Chropyn\u011b se svou 50. letou tradic\u00ed badmintonu m\u00e1 obrovskou z\u00e1kladnu a proti Kunovic\u00edm nasadila i posily z II. ligy. Z\u00e1pasy to byli vyrovnan\u00e9 , ale Kunovice uk\u00e1zali t\u00fdmovou s\u00edlu a nakonec zv\u00edt\u011bzili 5:3. Pr\u00e1v\u011b posila z II. ligy ukon\u010dila rekordn\u00ed t\u0159\u00edletou klubovou neporazitelnost dvojice z Kunovic Hlad\u00edk-Dolo\u017e\u00edlek, kdy v t\u0159\u00edsetov\u00e9 bitv\u011b zv\u00edt\u011bzila chropy\u0148sk\u00e1 dvojice Zavadil-Slav\u00edk.st . T\u0159et\u00edm celkem v z\u00e1kladn\u00ed skupin\u011b byl t\u00fdm z Hamr\u016f nad S\u00e1zavou , kter\u00fd sestoupil ze III. ligy , a tak se poprv\u00e9 hr\u00e1\u010di z Kunovic mohli konfrontovat z III. ligou. Bez respektu vstoupili hr\u00e1\u010di Kunovic do prvn\u00edho z\u00e1pasu proti ex t\u0159etiligov\u00e9mu soupe\u0159i , a v\u00edt\u011bzstv\u00edm na p\u016fd\u011b soupe\u0159e 5:3 uk\u00e1zali , \u017ee by se s nimi mohlo po\u010d\u00edtat ve III. lize. Badmintonov\u00e9 z\u00e1pasy se hraj\u00ed formou dvojz\u00e1pasu, jednou doma a jednou na p\u016fd\u011b soupe\u0159e. Po 6 z\u00e1pasech z\u00e1kladn\u00ed sezony skon\u010dil t\u00fdm BC Lokomotivy na prvn\u00edm m\u00edst\u011b bez jedin\u00e9 prohry a rem\u00edzy, a t\u00edm si zajistil p\u0159\u00edm\u00fd postup do semifin\u00e1le. \u010ctvrtfin\u00e1lov\u00fd z\u00e1pas ur\u010dil semifin\u00e1lov\u00e9ho soupe\u0159e Kunovic\u00edm celek ze Zl\u00edna a tak se mohlo opakovat semifin\u00e1le z p\u0159edchoz\u00ed sezony , kter\u00e9 skon\u010dilo smoln\u011b pro hr\u00e1\u010de z Kunovic po prohr\u00e1ch 5:3. T\u00e9m\u011b\u0159 v nezm\u011bn\u011bn\u00fdch sestav\u00e1ch se celky utkaly v dvojz\u00e1pase b\u011bhem dvou dn\u016f a tentokr\u00e1t ze souboje vze\u0161el v\u00edt\u011bzn\u011b t\u00fdm Kunovic , kdy po dvou rem\u00edz\u00e1ch 4:4 zv\u00edt\u011bzil rozd\u00edlem v\u00edt\u011bzn\u00fdch m\u00ed\u010d\u016f. C\u00edl odd\u00edlu byl spln\u011bn, postoupit do fin\u00e1le a tam se porvat o postup do vy\u0161\u0161\u00ed sout\u011b\u017ee a splnit si tak sen se ocitnout v badmintonov\u00e9 elit\u011b, kde jsou nejen kvalitn\u00ed hr\u00e1\u010di z \u010cesk\u00e9 republiky, ale i ze Slovenska a Rakouska. M\u011bs\u00edc m\u011bli hr\u00e1\u010di Kunovic na p\u0159\u00edpravu na fin\u00e1lov\u00fd den , kter\u00fd se konal 5.4.2014 v Brn\u011b v kr\u00e1sn\u00e9 badmintonov\u00e9 hale na Kuklensk\u00e9. Jeliko\u017e v Brn\u011b maj\u00ed hr\u00e1\u010di Kunovic spoustu kamar\u00e1d\u016f , tak to vypadalo \u017ee Kunovi\u010dt\u00ed budou v Brn\u011b jako doma. V pln\u00e9 s\u00edle a s dobrou n\u00e1ladou vyrazili hr\u00e1\u010di Kunovic do Brna se poprat a postup do III. ligy s hr\u00e1\u010di SK Vesel\u00fd Brno. T\u00fdm SK Vesel\u00fd Brno m\u011bl hned od za\u010d\u00e1tku ambice postoupit do vy\u0161\u0161\u00ed ligy , nazna\u010dovala tomu i soupiska , kterou tvo\u0159ili p\u0159ev\u00e1\u017en\u011b Sloven\u0161t\u00ed hr\u00e1\u010di. (otec a syn Lud\u00edkovi, otec na\u0161\u00ed nejlep\u0161\u00ed hr\u00e1\u010dky badmintonu Krist\u00fdny Gavnholt). Fin\u00e1le mezi celky BC Lokomotiva Kunovice a SK Vesel\u00fd Brno skon\u010dilo skre\u010d\u00ed pro brn\u011bnsk\u00fd t\u00fdm 0:8 a tak se z v\u00edt\u011bzstv\u00ed a postupu do vy\u0161\u0161\u00ed sout\u011b\u017ee radoval celek BC Lokomotiva Kunovice. K v\u00edt\u011bzstv\u00ed z IV. ligy sm\u00ed\u0161en\u00fdch dru\u017estev p\u0159idal celek Kunovic je\u0161t\u011b titul ze \u010dty\u0159d\u00edln\u00e9 FZ FORZA TOUR 2013\/2014 sm\u00ed\u0161en\u00fdch dvojic, kter\u00e1 byla otev\u0159ena pro hr\u00e1\u010de po III. ligu.<\/p>\n<div><a href=\"http:\/\/www.badec-tjlokomotiva.cz\/wp-content\/uploads\/2011\/10\/play-off-2014-28.jpg\"><img loading=\"lazy\" class=\"aligncenter size-full wp-image-731\" src=\"http:\/\/www.badec-tjlokomotiva.cz\/wp-content\/uploads\/2011\/10\/play-off-2014-28.jpg\" alt=\"play-off 2014 (28)\" width=\"1028\" height=\"661\" srcset=\"http:\/\/badmintonkunovice.cz\/wp-content\/uploads\/2011\/10\/play-off-2014-28.jpg 1028w, http:\/\/badmintonkunovice.cz\/wp-content\/uploads\/2011\/10\/play-off-2014-28-300x193.jpg 300w, http:\/\/badmintonkunovice.cz\/wp-content\/uploads\/2011\/10\/play-off-2014-28-1024x658.jpg 1024w, http:\/\/badmintonkunovice.cz\/wp-content\/uploads\/2011\/10\/play-off-2014-28-768x494.jpg 768w\" sizes=\"(max-width: 1028px) 100vw, 1028px\" \/><\/a><\/div>\n<p><span style=\"color: #ff0000;\"><strong>Sez\u00f3na 2012\/2013<\/strong><\/span><\/p>\n<p>Tak ji\u017e n\u00e1m za\u010dala nov\u00e1 sez\u00f3na 2012\/2013 , ve kter\u00e9 m\u00e1me nemal\u00fd c\u00edl. Zda se ho poda\u0159\u00ed splnit , uk\u00e1\u017ee \u010das. V nov\u00e9 sez\u00f3n\u011b se klub obm\u011bnil, ale zdrav\u00e9 j\u00e1dro z\u016fstalo. Za zm\u00ednku stoj\u00ed posila v podob\u011b dlouholet\u00e9ho hr\u00e1\u010de Milo\u0161e Dokoupila, kter\u00fd hraje badminton tak dlouho , \u017ee kdy\u017e Milo\u0161 za\u010d\u00ednal, tak spousta z n\u00e1s tahala na p\u00edsku za sebou ka\u010denku :-).<\/p>\n<p>V\u011b\u0159\u00edme \u017ee Milo\u0161ovi zku\u0161enosti n\u00e1\u0161 klub pozvednou a pod\u00e1me p\u0159ekvapiv\u00e9 v\u00fdkony&#8230;.<\/p>\n<p>Tak sez\u00f3nu 2012\/2013 m\u00e1me ji\u017e za sebou a tak m\u016f\u017eeme rekapitulovat :<\/p>\n<p>Sez\u00f3nu jsme za\u010dali slibn\u011b a v z\u00e1kladn\u00ed skupin\u011b jsme skon\u010dili na p\u011bkn\u00e9m druh\u00e9m m\u00edst\u011b .<\/p>\n<p>Do \u010dtvrtfin\u00e1le jsme dostali celek SK Podol\u00ed &#8222;C&#8220; , dvakr\u00e1t jim zazp\u00edval kan\u00e1rek a p\u0159ed n\u00e1mi st\u00e1l velmi t\u011b\u017ek\u00fd soupe\u0159 , kamar\u00e1di ze Zl\u00edna . (<a href=\"http:\/\/www.youtube.com\/watch?v=MaC-lX7FLjk\">http:\/\/www.youtube.com\/watch?v=MaC-lX7FLjk<\/a>) . V prvn\u00edm z\u00e1pase jsme se vydali do nedalek\u00e9ho Zl\u00edna v nejsiln\u011bj\u0161\u00ed sestav\u011b. Za stavu 3:3 v\u0161e bylo na raket\u00e1ch Toma v singlu a na kapit\u00e1novi a jeho par\u0165a\u010dce , Tom nakonec podlehl v singlu a za stavu 4:3 pro Zl\u00edn u\u017e bylo zle. Sice jsme srovnali v mixu na 1:1 , ale ve t\u0159et\u00edm setu jsme podlehli rodin\u011b Z\u00e1le\u0161\u00e1k\u016f, kte\u0159\u00ed se p\u0159ipojili ke Zl\u00ednu z rozpaduv\u0161\u00edho klubu III. ligy.<\/p>\n<p>Doma jsme \u0161li do z\u00e1pasu s jasn\u00fdm c\u00edlem se poprat o postup do fin\u00e1le, a za stavu 3:0 pro n\u00e1s jsme m\u011bli postup na dosah, jen\u017ee \u0161t\u011bst\u00ed\u010dko n\u00e1m nep\u0159\u00e1lo , a Allivictus Zl\u00edn zaslou\u017een\u011b postoupil do fin\u00e1le po oto\u010den\u00ed z\u00e1pasu na 5:3.<\/p>\n<p>A tak jsme se dostali do souboje o 3. m\u00edsto s SKP Kometa &#8222;B&#8220; , kte\u0159\u00ed minul\u00fd ro\u010dn\u00edk dostali nad\u00edlku 8:0. Jen\u017ee to bylo minul\u00fd rok, a letos n\u00e1m to i s \u00faroky vr\u00e1tili. Za stavu 4:3 pro Kometu , kdy ji\u017e otv\u00edrali \u0161ampa\u0148sk\u00e9 , tak kapit\u00e1n v mixu spolu s par\u0165a\u010dkou vedli 1:0 v z\u00e1vere\u010dn\u00e9m z\u00e1pase, a d\u011blil n\u00e1s jen jeden set od v\u00edtezstv\u00ed v pom\u011bru set\u016f. Jen\u017ee &#8222;Kome\u0165\u00e1ci&#8220; zabrali a urvali jeden &#8211; rozhoduj\u00edc\u00ed set a tak mohli slavit p\u011bkn\u00e9 3. m\u00edsto. Gratulujeme.<\/p>\n<p>Naopak Zl\u00edn , postoupiv\u0161\u00ed p\u0159es n\u00e1s ve fin\u00e1le , resp. v bar\u00e1\u017ei neusp\u011bl, a tak se s nimi potk\u00e1me i v sezon\u011b n\u00e1sleduj\u00edc\u00ed a snad te\u010f bude st\u00e1t \u0161t\u011bst\u00ed na an\u0161i stran\u011b.<\/p>\n<p><span style=\"color: #ff0000;\"><strong>Sez\u00f3na 2011\/2012<\/strong><\/span><\/p>\n<p>P\u0159ed za\u010d\u00e1tkem nov\u00e9 hrac\u00ed sez\u00f3ny 2011\/2012 se klub rozd\u011blil na dv\u011b \u010d\u00e1sti, \u00a0TJ Lokomotiva Uhersk\u00fd Ostroh &#8222;A&#8220; (resp. BC LOKOMOTIVA ) a TJ Lokomotiva Uhersk\u00fd Ostroh &#8222;B&#8220;.<\/p>\n<p>Dru\u017estvo BC LOKOMOTIVA pod taktovkou Zdenka m\u00e1 v leto\u0161n\u00ed sezon\u011b nemal\u00fd c\u00edl, dostat se do fin\u00e1lov\u00e9 skupiny a poprat se o co nejvy\u0161\u0161\u00ed p\u0159\u00ed\u010dky. Cesta k fin\u00e1lov\u00e9 skupin\u011b nen\u00ed lehk\u00e1 , ale zat\u00edm se t\u00fdmu da\u0159\u00ed. U\u017e to nen\u00ed jen takov\u00e9 to pink\u00e1n\u00ed , sna\u017e\u00edme se tr\u00e9novat , jezdit po kempech a po turnaj\u00edch a sb\u00edrat drahocenn\u00e9 zku\u0161enosti od zku\u0161en\u011bj\u0161\u00edch hr\u00e1\u010d\u016f.<\/p>\n<p>Sez\u00f3na n\u00e1m skon\u010dila a je \u010das na kr\u00e1tkou rekapitulaci. T\u00fdm skon\u010dil celkov\u011b na p\u011bkn\u00e9m 3. m\u00edst\u011b z 15 celk\u016f. Kdy\u017e to vezmu zp\u011btn\u011b, tak jsme splnili co jsme si p\u0159edsevzali. Dokonce m\u00edt o tro\u0161ku v\u00edc \u0161t\u011bst\u00ed, tak jsme mohli pom\u00fd\u0161let o boj o 1. m\u00edsto, ale \u0161t\u011bst\u00ed n\u00e1m nebylo naklon\u011bno a hlavn\u011b Vranovice.Ty n\u00e1s , po p\u0159ekvapiv\u011b jednozna\u010dn\u00e9 v\u00fdh\u0159e nad \u017dele\u0161icema , odsunuli z \u010dela semifin\u00e1lov\u00e9 skupiny a tud\u00ed\u017e jsme hr\u00e1li o 3. m\u00edsto s SKP Kometa Brno &#8222;B&#8220;. V\u00fdsledky naleznete v z\u00e1lo\u017ece z\u00e1pasy.<\/p>\n<p><span style=\"color: #ff0000;\"><strong>Sez\u00f3na 2010\/2011<\/strong><\/span><\/p>\n<p>Historie klubu se datuje od sez\u00f3ny 2010\/2011 , kdy pod taktovkou Kuby, Kiwi a V\u00e1cy dali dohromady klub TJ Lokomotiva Uhersk\u00fd Ostroh. Sez\u00f3na to byla sp\u00ed\u0161e takov\u00e1 rozkouk\u00e1vac\u00ed a t\u00fdm skon\u010dil na 10. m\u00edst\u011b ze 12.<\/p>\n<p>&nbsp;<\/p>\n<p>&nbsp;<\/p>\n<p>V neposledn\u00ed \u0159ad\u011b bych cht\u011bl za sebe a za t\u00fdm BC LOKOMOTIVA pod\u011bkovat v\u0161em na\u0161im sponzor\u016fm za ochotu n\u00e1m finan\u010dn\u011b a materi\u00e1ln\u011b vypomoci. D\u011bkujeme.<\/p>\n<h1>T\u00fdm<\/h1>\n<h1>BC LOKOMOTIVA<\/h1>\n<p>&nbsp;<\/p>\n<p>&nbsp;<\/p>\n<p>&nbsp;<\/p>\n","protected":false},"excerpt":{"rendered":"<p>V\u00edtejte na str\u00e1nk\u00e1ch badmintonov\u00e9ho klubu &#8220;\u00a0BC\u00a0LOKOMOTIVA\u00a0&#8222;. Sez\u00f3na 2016\/2017 Ohl\u00e9dnut\u00ed za sez\u00f3nou 2015\/2016 T\u00fdm C: V minul\u00e9m roce jsme zalo\u017eili ji\u017e t\u0159et\u00ed t\u00fdm, kter\u00fd si vzal na starosti Lukyn Zich. Jak to tak b\u00fdv\u00e1 tak za\u010d\u00e1tky jsou v\u017edy t\u011b\u017ek\u00e9 , a &hellip; <a href=\"http:\/\/badmintonkunovice.cz\/?page_id=620\">Cel\u00fd p\u0159\u00edsp\u011bvek <span class=\"meta-nav\">&rarr;<\/span><\/a><\/p>\n","protected":false},"author":1,"featured_media":0,"parent":0,"menu_order":0,"comment_status":"open","ping_status":"open","template":"","meta":[],"_links":{"self":[{"href":"http:\/\/badmintonkunovice.cz\/index.php?rest_route=\/wp\/v2\/pages\/620"}],"collection":[{"href":"http:\/\/badmintonkunovice.cz\/index.php?rest_route=\/wp\/v2\/pages"}],"about":[{"href":"http:\/\/badmintonkunovice.cz\/index.php?rest_route=\/wp\/v2\/types\/page"}],"author":[{"embeddable":true,"href":"http:\/\/badmintonkunovice.cz\/index.php?rest_route=\/wp\/v2\/users\/1"}],"replies":[{"embeddable":true,"href":"http:\/\/badmintonkunovice.cz\/index.php?rest_route=%2Fwp%2Fv2%2Fcomments&post=620"}],"version-history":[{"count":0,"href":"http:\/\/badmintonkunovice.cz\/index.php?rest_route=\/wp\/v2\/pages\/620\/revisions"}],"wp:attachment":[{"href":"http:\/\/badmintonkunovice.cz\/index.php?rest_route=%2Fwp%2Fv2%2Fmedia&parent=620"}],"curies":[{"name":"wp","href":"https:\/\/api.w.org\/{rel}","templated":true}]}}