{"id":581,"date":"2013-10-02T20:02:54","date_gmt":"2013-10-02T18:02:54","guid":{"rendered":"http:\/\/www.badec-tjlokomotiva.cz\/?page_id=581"},"modified":"2013-10-02T20:02:54","modified_gmt":"2013-10-02T18:02:54","slug":"rozpis-zapasu-20112012-2","status":"publish","type":"page","link":"http:\/\/badmintonkunovice.cz\/?page_id=581","title":{"rendered":"Rozpis z\u00e1pas\u016f 2011\/2012"},"content":{"rendered":"<h2><span style=\"color: #ffffff;\"><strong>Brn\u011bnsk\u00fd m\u011bstsk\u00fd p\u0159ebor<\/strong><\/span><\/h2>\n<h2><span style=\"color: #ff0000;\"><strong>Skupina A :<\/strong><\/span><\/h2>\n<p>BC Premiera &#8222;C&#8220;<\/p>\n<p><strong>TJ Lokomotiva Uhersk\u00fd Ostroh &#8222;A&#8220;<\/strong><\/p>\n<p>Sokol Bo\u0159itov<\/p>\n<p>SK Podol\u00ed &#8222;C&#8220;<\/p>\n<p>Badminton \u010cesk\u00e1<\/p>\n<p><span style=\"color: #ff0000;\"><strong>Skupina B:\u00a0<\/strong><\/span><\/p>\n<p>Sokol Vranovice B<\/p>\n<p>TJ Chropyn\u011b B<\/p>\n<p>ZBL Zl\u00edn<\/p>\n<p>BC SmartLife \u0158e\u010dkovice B<\/p>\n<p>SKP Kometa badminton Brno B<\/p>\n<p><span style=\"color: #ff0000;\"><strong>Skupina C:<\/strong><\/span><\/p>\n<p>TJ AGROTEC Hustope\u010de<\/p>\n<p>Spartak PBS Brno<\/p>\n<p>TJ Viktoria \u017dele\u0161ice<\/p>\n<p>TJ Lokomotiva Uhersk\u00fd Ostroh B<\/p>\n<p>VSK Universita Brno<\/p>\n","protected":false},"excerpt":{"rendered":"<p>Brn\u011bnsk\u00fd m\u011bstsk\u00fd p\u0159ebor Skupina A : BC Premiera &#8222;C&#8220; TJ Lokomotiva Uhersk\u00fd Ostroh &#8222;A&#8220; Sokol Bo\u0159itov SK Podol\u00ed &#8222;C&#8220; Badminton \u010cesk\u00e1 Skupina B:\u00a0 Sokol Vranovice B TJ Chropyn\u011b B ZBL Zl\u00edn BC SmartLife \u0158e\u010dkovice B SKP Kometa badminton Brno B &hellip; <a href=\"http:\/\/badmintonkunovice.cz\/?page_id=581\">Cel\u00fd p\u0159\u00edsp\u011bvek <span class=\"meta-nav\">&rarr;<\/span><\/a><\/p>\n","protected":false},"author":1,"featured_media":0,"parent":23,"menu_order":4,"comment_status":"open","ping_status":"open","template":"","meta":[],"_links":{"self":[{"href":"http:\/\/badmintonkunovice.cz\/index.php?rest_route=\/wp\/v2\/pages\/581"}],"collection":[{"href":"http:\/\/badmintonkunovice.cz\/index.php?rest_route=\/wp\/v2\/pages"}],"about":[{"href":"http:\/\/badmintonkunovice.cz\/index.php?rest_route=\/wp\/v2\/types\/page"}],"author":[{"embeddable":true,"href":"http:\/\/badmintonkunovice.cz\/index.php?rest_route=\/wp\/v2\/users\/1"}],"replies":[{"embeddable":true,"href":"http:\/\/badmintonkunovice.cz\/index.php?rest_route=%2Fwp%2Fv2%2Fcomments&post=581"}],"version-history":[{"count":0,"href":"http:\/\/badmintonkunovice.cz\/index.php?rest_route=\/wp\/v2\/pages\/581\/revisions"}],"up":[{"embeddable":true,"href":"http:\/\/badmintonkunovice.cz\/index.php?rest_route=\/wp\/v2\/pages\/23"}],"wp:attachment":[{"href":"http:\/\/badmintonkunovice.cz\/index.php?rest_route=%2Fwp%2Fv2%2Fmedia&parent=581"}],"curies":[{"name":"wp","href":"https:\/\/api.w.org\/{rel}","templated":true}]}}