{"id":347,"date":"2012-05-27T21:53:29","date_gmt":"2012-05-27T19:53:29","guid":{"rendered":"http:\/\/www.badec-tjlokomotiva.cz\/?page_id=347"},"modified":"2012-05-27T21:53:29","modified_gmt":"2012-05-27T19:53:29","slug":"bc-lokomotiva-vs-sokol-vranovice-b","status":"publish","type":"page","link":"http:\/\/badmintonkunovice.cz\/?page_id=347","title":{"rendered":"BC Lokomotiva vs Sokol Vranovice &#8222;B&#8220;"},"content":{"rendered":"<p><a href=\"http:\/\/www.badec-tjlokomotiva.cz\/wp-content\/uploads\/2012\/05\/Loko-vs-Vranky.png\"><img loading=\"lazy\" class=\"aligncenter size-full wp-image-348\" title=\"Loko vs Vranky\" src=\"http:\/\/www.badec-tjlokomotiva.cz\/wp-content\/uploads\/2012\/05\/Loko-vs-Vranky.png\" alt=\"\" width=\"726\" height=\"476\" srcset=\"http:\/\/badmintonkunovice.cz\/wp-content\/uploads\/2012\/05\/Loko-vs-Vranky.png 726w, http:\/\/badmintonkunovice.cz\/wp-content\/uploads\/2012\/05\/Loko-vs-Vranky-300x197.png 300w\" sizes=\"(max-width: 726px) 100vw, 726px\" \/><\/a>Posledn\u00ed z\u00e1pas semifin\u00e1lov\u00e9 skupiny jsme odehr\u00e1li doma s celkem Vranovic. V z\u00e1pase jsme zaslou\u017een\u011b zv\u00edt\u011bzili , ale nakonec jsme se do fin\u00e1le o prvn\u00ed m\u00edsto nedostali, d\u00edky z\u00e1zra\u010dn\u00e9mu v\u00edt\u011bzstv\u00ed Vranovic nad \u017dele\u0161icama.<\/p>\n","protected":false},"excerpt":{"rendered":"<p>Posledn\u00ed z\u00e1pas semifin\u00e1lov\u00e9 skupiny jsme odehr\u00e1li doma s celkem Vranovic. V z\u00e1pase jsme zaslou\u017een\u011b zv\u00edt\u011bzili , ale nakonec jsme se do fin\u00e1le o prvn\u00ed m\u00edsto nedostali, d\u00edky z\u00e1zra\u010dn\u00e9mu v\u00edt\u011bzstv\u00ed Vranovic nad \u017dele\u0161icama.<\/p>\n","protected":false},"author":1,"featured_media":0,"parent":107,"menu_order":11,"comment_status":"open","ping_status":"open","template":"","meta":[],"_links":{"self":[{"href":"http:\/\/badmintonkunovice.cz\/index.php?rest_route=\/wp\/v2\/pages\/347"}],"collection":[{"href":"http:\/\/badmintonkunovice.cz\/index.php?rest_route=\/wp\/v2\/pages"}],"about":[{"href":"http:\/\/badmintonkunovice.cz\/index.php?rest_route=\/wp\/v2\/types\/page"}],"author":[{"embeddable":true,"href":"http:\/\/badmintonkunovice.cz\/index.php?rest_route=\/wp\/v2\/users\/1"}],"replies":[{"embeddable":true,"href":"http:\/\/badmintonkunovice.cz\/index.php?rest_route=%2Fwp%2Fv2%2Fcomments&post=347"}],"version-history":[{"count":0,"href":"http:\/\/badmintonkunovice.cz\/index.php?rest_route=\/wp\/v2\/pages\/347\/revisions"}],"up":[{"embeddable":true,"href":"http:\/\/badmintonkunovice.cz\/index.php?rest_route=\/wp\/v2\/pages\/107"}],"wp:attachment":[{"href":"http:\/\/badmintonkunovice.cz\/index.php?rest_route=%2Fwp%2Fv2%2Fmedia&parent=347"}],"curies":[{"name":"wp","href":"https:\/\/api.w.org\/{rel}","templated":true}]}}