{"id":297,"date":"2012-03-17T20:04:13","date_gmt":"2012-03-17T18:04:13","guid":{"rendered":"http:\/\/www.badec-tjlokomotiva.cz\/?page_id=297"},"modified":"2012-03-17T20:04:13","modified_gmt":"2012-03-17T18:04:13","slug":"bc-lokomotiva-vs-viktoria-zelesice","status":"publish","type":"page","link":"http:\/\/badmintonkunovice.cz\/?page_id=297","title":{"rendered":"BC Lokomotiva vs Viktoria \u017dele\u0161ice"},"content":{"rendered":"<p><a href=\"http:\/\/www.badec-tjlokomotiva.cz\/wp-content\/uploads\/2012\/03\/loko-vs-zelesice.png\"><img loading=\"lazy\" class=\"aligncenter size-full wp-image-301\" title=\"loko vs zelesice\" src=\"http:\/\/www.badec-tjlokomotiva.cz\/wp-content\/uploads\/2012\/03\/loko-vs-zelesice.png\" alt=\"\" width=\"1185\" height=\"610\" srcset=\"http:\/\/badmintonkunovice.cz\/wp-content\/uploads\/2012\/03\/loko-vs-zelesice.png 1185w, http:\/\/badmintonkunovice.cz\/wp-content\/uploads\/2012\/03\/loko-vs-zelesice-300x154.png 300w, http:\/\/badmintonkunovice.cz\/wp-content\/uploads\/2012\/03\/loko-vs-zelesice-1024x527.png 1024w, http:\/\/badmintonkunovice.cz\/wp-content\/uploads\/2012\/03\/loko-vs-zelesice-768x395.png 768w\" sizes=\"(max-width: 1185px) 100vw, 1185px\" \/><\/a><\/p>\n<p>Dne 17.3. jsme na &#8222;dom\u00e1c\u00ed &#8220; p\u016fd\u011b v Uhersk\u00e9m Hradi\u0161ti p\u0159iv\u00edtali zku\u0161en\u00fda p\u0159\u00e1telsk\u00fd t\u00fdm Viktoria \u017dele\u0161ice, kter\u00fd dojel bohu\u017eel oslaben o jednoho chlapa a \u017eenu . Tud\u00ed\u017e prvn\u00ed z\u00e1pas v play off za\u010d\u00ednal 2:0 v n\u00e1\u0161 prosp\u011bch. Nejt\u011bsn\u011bj\u0161\u00ed v\u00fdsledek si uh\u00e1jil Jirka v druh\u00e9m singlu , kdy se nenechal rozhodit a zaslou\u017een\u011b zv\u00edt\u011bzil. Drama se konalo i v prvn\u00edm deblu, kdy se Zde\u0148a a Mirek tahali o bod a\u017e do posledn\u00edho konce , Zden\u011bk nebyl v optim\u00e1ln\u00ed form\u011b , ale na\u0161t\u011bst\u00ed toho soupe\u0159 nevyu\u017eil. A\u010dkoliv v\u0161echny z\u00e1pasy se odehr\u00e1ly na dva sety , tak to rozhodn\u011b nebylo jednoduch\u00e9 , ale \u0161t\u011bst\u00ed\u010dko st\u00e1lo na an\u0161\u00ed stran\u011b a tak jsme zaslou\u017een\u011b vyhr\u00e1li.<\/p>\n<p>Doloh \ud83d\ude42<\/p>\n","protected":false},"excerpt":{"rendered":"<p>Dne 17.3. jsme na &#8222;dom\u00e1c\u00ed &#8220; p\u016fd\u011b v Uhersk\u00e9m Hradi\u0161ti p\u0159iv\u00edtali zku\u0161en\u00fda p\u0159\u00e1telsk\u00fd t\u00fdm Viktoria \u017dele\u0161ice, kter\u00fd dojel bohu\u017eel oslaben o jednoho chlapa a \u017eenu . Tud\u00ed\u017e prvn\u00ed z\u00e1pas v play off za\u010d\u00ednal 2:0 v n\u00e1\u0161 prosp\u011bch. Nejt\u011bsn\u011bj\u0161\u00ed v\u00fdsledek si &hellip; <a href=\"http:\/\/badmintonkunovice.cz\/?page_id=297\">Cel\u00fd p\u0159\u00edsp\u011bvek <span class=\"meta-nav\">&rarr;<\/span><\/a><\/p>\n","protected":false},"author":1,"featured_media":0,"parent":107,"menu_order":8,"comment_status":"open","ping_status":"open","template":"","meta":[],"_links":{"self":[{"href":"http:\/\/badmintonkunovice.cz\/index.php?rest_route=\/wp\/v2\/pages\/297"}],"collection":[{"href":"http:\/\/badmintonkunovice.cz\/index.php?rest_route=\/wp\/v2\/pages"}],"about":[{"href":"http:\/\/badmintonkunovice.cz\/index.php?rest_route=\/wp\/v2\/types\/page"}],"author":[{"embeddable":true,"href":"http:\/\/badmintonkunovice.cz\/index.php?rest_route=\/wp\/v2\/users\/1"}],"replies":[{"embeddable":true,"href":"http:\/\/badmintonkunovice.cz\/index.php?rest_route=%2Fwp%2Fv2%2Fcomments&post=297"}],"version-history":[{"count":0,"href":"http:\/\/badmintonkunovice.cz\/index.php?rest_route=\/wp\/v2\/pages\/297\/revisions"}],"up":[{"embeddable":true,"href":"http:\/\/badmintonkunovice.cz\/index.php?rest_route=\/wp\/v2\/pages\/107"}],"wp:attachment":[{"href":"http:\/\/badmintonkunovice.cz\/index.php?rest_route=%2Fwp%2Fv2%2Fmedia&parent=297"}],"curies":[{"name":"wp","href":"https:\/\/api.w.org\/{rel}","templated":true}]}}