{"id":216,"date":"2011-11-25T01:45:00","date_gmt":"2011-11-24T23:45:00","guid":{"rendered":"http:\/\/www.badec-tjlokomotiva.cz\/?page_id=216"},"modified":"2011-11-25T01:45:00","modified_gmt":"2011-11-24T23:45:00","slug":"bc-lokomotiva-vs-sokol-boritov","status":"publish","type":"page","link":"http:\/\/badmintonkunovice.cz\/?page_id=216","title":{"rendered":"BC Lokomotiva vs Sokol Bo\u0159itov"},"content":{"rendered":"<p><a href=\"http:\/\/www.badec-tjlokomotiva.cz\/wp-content\/uploads\/2011\/11\/sokolici.png\"><img loading=\"lazy\" class=\"aligncenter size-full wp-image-221\" title=\"sokolici\" src=\"http:\/\/www.badec-tjlokomotiva.cz\/wp-content\/uploads\/2011\/11\/sokolici.png\" alt=\"\" width=\"1185\" height=\"610\" srcset=\"http:\/\/badmintonkunovice.cz\/wp-content\/uploads\/2011\/11\/sokolici.png 1185w, http:\/\/badmintonkunovice.cz\/wp-content\/uploads\/2011\/11\/sokolici-300x154.png 300w, http:\/\/badmintonkunovice.cz\/wp-content\/uploads\/2011\/11\/sokolici-1024x527.png 1024w, http:\/\/badmintonkunovice.cz\/wp-content\/uploads\/2011\/11\/sokolici-768x395.png 768w\" sizes=\"(max-width: 1185px) 100vw, 1185px\" \/><\/a><\/p>\n<p>T\u0159et\u00ed z\u00e1pas jsme odehr\u00e1li proti Sokol\u00edkom z Bo\u0159itova, z\u00e1pas rozhodn\u011b nebyl podle v\u00fdsledku tak jednozna\u010dn\u00fd, nejeden z n\u00e1s se slu\u0161n\u011b zapotil a s\u00e1hl si hodn\u011b hluboko (u m\u011b to sp\u00ed\u0161 bylo pocen\u00ed k\u00fdbl\u00edku J\u00e4germaistru:-D ). Nejv\u011bt\u0161\u00ed boj byl v z\u00e1v\u011bru v mixov\u00e9 \u010d\u00e1sti, kdy David, jako spr\u00e1vn\u00fd , slavn\u00fd, sv\u011btozn\u00e1m\u00fd herec Slov\u00e1ck\u00e9ho divadla, \u00a0pojal hru jako drama. Ve vyrovnan\u00e9 t\u0159\u00edsetov\u00e9 bitv\u011b , spolu s Kiwi , nakonec vybojovali cenn\u00fd 8. bod\u00edk.<\/p>\n","protected":false},"excerpt":{"rendered":"<p>T\u0159et\u00ed z\u00e1pas jsme odehr\u00e1li proti Sokol\u00edkom z Bo\u0159itova, z\u00e1pas rozhodn\u011b nebyl podle v\u00fdsledku tak jednozna\u010dn\u00fd, nejeden z n\u00e1s se slu\u0161n\u011b zapotil a s\u00e1hl si hodn\u011b hluboko (u m\u011b to sp\u00ed\u0161 bylo pocen\u00ed k\u00fdbl\u00edku J\u00e4germaistru:-D ). Nejv\u011bt\u0161\u00ed boj byl v z\u00e1v\u011bru &hellip; <a href=\"http:\/\/badmintonkunovice.cz\/?page_id=216\">Cel\u00fd p\u0159\u00edsp\u011bvek <span class=\"meta-nav\">&rarr;<\/span><\/a><\/p>\n","protected":false},"author":1,"featured_media":0,"parent":107,"menu_order":3,"comment_status":"open","ping_status":"open","template":"","meta":[],"_links":{"self":[{"href":"http:\/\/badmintonkunovice.cz\/index.php?rest_route=\/wp\/v2\/pages\/216"}],"collection":[{"href":"http:\/\/badmintonkunovice.cz\/index.php?rest_route=\/wp\/v2\/pages"}],"about":[{"href":"http:\/\/badmintonkunovice.cz\/index.php?rest_route=\/wp\/v2\/types\/page"}],"author":[{"embeddable":true,"href":"http:\/\/badmintonkunovice.cz\/index.php?rest_route=\/wp\/v2\/users\/1"}],"replies":[{"embeddable":true,"href":"http:\/\/badmintonkunovice.cz\/index.php?rest_route=%2Fwp%2Fv2%2Fcomments&post=216"}],"version-history":[{"count":0,"href":"http:\/\/badmintonkunovice.cz\/index.php?rest_route=\/wp\/v2\/pages\/216\/revisions"}],"up":[{"embeddable":true,"href":"http:\/\/badmintonkunovice.cz\/index.php?rest_route=\/wp\/v2\/pages\/107"}],"wp:attachment":[{"href":"http:\/\/badmintonkunovice.cz\/index.php?rest_route=%2Fwp%2Fv2%2Fmedia&parent=216"}],"curies":[{"name":"wp","href":"https:\/\/api.w.org\/{rel}","templated":true}]}}